{"id":5076,"date":"2021-02-25T02:23:04","date_gmt":"2021-02-24T23:23:04","guid":{"rendered":"https:\/\/temacons.com\/hikayelerimiz\/"},"modified":"2023-07-31T15:56:18","modified_gmt":"2023-07-31T12:56:18","slug":"stories","status":"publish","type":"page","link":"https:\/\/temacons.com\/en\/stories\/","title":{"rendered":"Stories"},"content":{"rendered":"\t\t<div data-elementor-type=\"wp-page\" data-elementor-id=\"5076\" class=\"elementor elementor-5076 elementor-638\" data-elementor-settings=\"{&quot;element_pack_global_tooltip_width&quot;:{&quot;unit&quot;:&quot;px&quot;,&quot;size&quot;:&quot;&quot;,&quot;sizes&quot;:[]},&quot;element_pack_global_tooltip_width_tablet&quot;:{&quot;unit&quot;:&quot;px&quot;,&quot;size&quot;:&quot;&quot;,&quot;sizes&quot;:[]},&quot;element_pack_global_tooltip_width_mobile&quot;:{&quot;unit&quot;:&quot;px&quot;,&quot;size&quot;:&quot;&quot;,&quot;sizes&quot;:[]},&quot;element_pack_global_tooltip_padding&quot;:{&quot;unit&quot;:&quot;px&quot;,&quot;top&quot;:&quot;&quot;,&quot;right&quot;:&quot;&quot;,&quot;bottom&quot;:&quot;&quot;,&quot;left&quot;:&quot;&quot;,&quot;isLinked&quot;:true},&quot;element_pack_global_tooltip_padding_tablet&quot;:{&quot;unit&quot;:&quot;px&quot;,&quot;top&quot;:&quot;&quot;,&quot;right&quot;:&quot;&quot;,&quot;bottom&quot;:&quot;&quot;,&quot;left&quot;:&quot;&quot;,&quot;isLinked&quot;:true},&quot;element_pack_global_tooltip_padding_mobile&quot;:{&quot;unit&quot;:&quot;px&quot;,&quot;top&quot;:&quot;&quot;,&quot;right&quot;:&quot;&quot;,&quot;bottom&quot;:&quot;&quot;,&quot;left&quot;:&quot;&quot;,&quot;isLinked&quot;:true},&quot;element_pack_global_tooltip_border_radius&quot;:{&quot;unit&quot;:&quot;px&quot;,&quot;top&quot;:&quot;&quot;,&quot;right&quot;:&quot;&quot;,&quot;bottom&quot;:&quot;&quot;,&quot;left&quot;:&quot;&quot;,&quot;isLinked&quot;:true},&quot;element_pack_global_tooltip_border_radius_tablet&quot;:{&quot;unit&quot;:&quot;px&quot;,&quot;top&quot;:&quot;&quot;,&quot;right&quot;:&quot;&quot;,&quot;bottom&quot;:&quot;&quot;,&quot;left&quot;:&quot;&quot;,&quot;isLinked&quot;:true},&quot;element_pack_global_tooltip_border_radius_mobile&quot;:{&quot;unit&quot;:&quot;px&quot;,&quot;top&quot;:&quot;&quot;,&quot;right&quot;:&quot;&quot;,&quot;bottom&quot;:&quot;&quot;,&quot;left&quot;:&quot;&quot;,&quot;isLinked&quot;:true}}\" data-elementor-post-type=\"page\">\n\t\t\t\t\t\t<section class=\"elementor-section elementor-top-section elementor-element elementor-element-5695ef2 elementor-section-stretched elementor-section-boxed elementor-section-height-default elementor-section-height-default\" data-id=\"5695ef2\" data-element_type=\"section\" data-settings=\"{&quot;stretch_section&quot;:&quot;section-stretched&quot;}\">\n\t\t\t\t\t\t<div class=\"elementor-container elementor-column-gap-default\">\n\t\t\t\t\t<div class=\"elementor-column elementor-col-100 elementor-top-column elementor-element elementor-element-373a2d10\" data-id=\"373a2d10\" data-element_type=\"column\">\n\t\t\t<div class=\"elementor-widget-wrap elementor-element-populated\">\n\t\t\t\t\t\t<div class=\"elementor-element elementor-element-5e35a35b elementor-widget elementor-widget-heading\" data-id=\"5e35a35b\" data-element_type=\"widget\" data-widget_type=\"heading.default\">\n\t\t\t\t<div class=\"elementor-widget-container\">\n\t\t\t\t\t<h1 class=\"elementor-heading-title elementor-size-default\">Explore<\/h1>\t\t\t\t<\/div>\n\t\t\t\t<\/div>\n\t\t\t\t<section class=\"elementor-section elementor-inner-section elementor-element elementor-element-63db23a1 elementor-section-boxed elementor-section-height-default elementor-section-height-default\" data-id=\"63db23a1\" data-element_type=\"section\">\n\t\t\t\t\t\t<div class=\"elementor-container elementor-column-gap-default\">\n\t\t\t\t\t<div class=\"elementor-column elementor-col-100 elementor-inner-column elementor-element elementor-element-7cd38c\" data-id=\"7cd38c\" data-element_type=\"column\">\n\t\t\t<div class=\"elementor-widget-wrap elementor-element-populated\">\n\t\t\t\t\t\t<div class=\"elementor-element elementor-element-374653 bdt-global-link-yes elementor-widget elementor-widget-bdt-post-grid\" data-id=\"374653\" data-element_type=\"widget\" data-settings=\"{&quot;columns&quot;:&quot;3&quot;,&quot;columns_tablet&quot;:&quot;2&quot;,&quot;columns_mobile&quot;:&quot;1&quot;}\" data-widget_type=\"bdt-post-grid.bdt-reverse\">\n\t\t\t\t<div class=\"elementor-widget-container\">\n\t\t\t\t\t \n\t\t<div id=\"bdt-post-grid-374653\" class=\"bdt-post-grid bdt-post-grid-skin-reverse\">\n\t  \t\t<div class=\"bdt-grid bdt-grid-collapse\" data-bdt-grid=\"\">\n\n\t\t\t\t\n\t\t\t\t\t<div class=\" bdt-width-1-3@m bdt-plane-desktop bdt-width-1-2@s bdt-plane-tablet bdt-width-1-1 bdt-plane-mobile\">\n\t\t\t\t\t\t\t\t<div onclick=\"window.open(&#039;https:\/\/temacons.com\/en\/were-excited-to-announce-the-launch-of-our-very-first-stylone-university-contest\/&#039;, &#039;_self&#039;)\" class=\"bdt-post-grid-item bdt-transition-toggle bdt-position-relative\">\n\t\t\t<div class=\"bdt-post-grid-img-wrap bdt-overflow-hidden\">\n\t\t\t\t<a href=\"https:\/\/temacons.com\/en\/were-excited-to-announce-the-launch-of-our-very-first-stylone-university-contest\/\" class=\"bdt-transition-scale-down bdt-background-cover bdt-transition-opaque bdt-flex\" title=\"We\u2019re excited to announce the launch of our very first STYL&#8217;One University Contest!\" style=\"background-image: url(https:\/\/temacons.com\/wp-content\/uploads\/2025\/04\/Medelpharm-ile-kazanma-firsati.webp)\">\n  \t\t\t\t<\/a>\n\t\t\t<\/div>\n\t  \t\t\n\t  \t\t<div class=\"bdt-post-grid-desc bdt-padding\">\n\t\t\t\t<h2 class=\"bdt-post-grid-title\">\n\t\t\t\t<a href=\"https:\/\/temacons.com\/en\/were-excited-to-announce-the-launch-of-our-very-first-stylone-university-contest\/\" class=\"bdt-post-grid-link\" title=\"We\u2019re excited to announce the launch of our very first STYL&#8217;One University Contest!\">\n\t\t\t\t\tWe\u2019re excited to announce the launch of our very first STYL&#8217;One University Contest!\n\t\t\t\t<\/a>\n\t\t\t<\/h2>\n\t\t\t\t\t\t<div class=\"bdt-post-grid-excerpt\">\n\t\t\t<p>Academics are the future of the tableting world, and MEDELPHARM has understood that from the beginning. This is your chance to bring your innovative ideas to life with the support of our cutting-edge technology: the STYL&#8217;One Nano Compaction Simulator. Prizes for the three projects with the most potential: \ud83c\udfc6 First prize: STYL\u2019One Nano on free [&hellip;]<\/p>\n\t\t<\/div>\n\n\t\t\t\t\t\t\t\t\t\t\n\t\t\t\t\t\t\t\t\t<div class=\"bdt-post-grid-meta bdt-subnav bdt-flex-inline bdt-flex-middle bdt-margin-small-top bdt-padding-remove-horizontal\">\n\t\t\t\t\t\t\t\t\t\t\t\t<span class=\"bdt-post-grid-date\">7 April 2025<\/span>\t\t\t\t\t\t\t\t\t\t\t\t\t\t\t\t\t<\/div>\n\t\t\t\t\t\t\t<\/div>\n\n\t\t\t\t\t<div class=\"bdt-post-grid-category bdt-position-z-index bdt-position-small bdt-position-top-right\">\n\t\t\t<a href=\"https:\/\/temacons.com\/en\/category\/industry-news\/\">Industry news<\/a> <a href=\"https:\/\/temacons.com\/en\/category\/stories\/\">Stories<\/a>\t\t<\/div>\n\t\t\t\t<\/div>\n\t\t\t\t\t\t\t<\/div>\t  \t\t\t\n\t\t  \t\t\t\n\t\t\t\t\n\t\t\t\t\t<div class=\" bdt-width-1-3@m bdt-reverse-desktop bdt-width-1-2@s bdt-reverse-tablet bdt-width-1-1 bdt-plane-mobile\">\n\t\t\t\t\t\t\t\t<div onclick=\"window.open(&#039;https:\/\/temacons.com\/en\/tews-and-tema-makina-begin-a-promising-collaboration-in-turkiye\/&#039;, &#039;_self&#039;)\" class=\"bdt-post-grid-item bdt-transition-toggle bdt-position-relative\">\n\t\t\t<div class=\"bdt-post-grid-img-wrap bdt-overflow-hidden\">\n\t\t\t\t<a href=\"https:\/\/temacons.com\/en\/tews-and-tema-makina-begin-a-promising-collaboration-in-turkiye\/\" class=\"bdt-transition-scale-down bdt-background-cover bdt-transition-opaque bdt-flex\" title=\"TEWS and TEMA Makina Begin a Promising Collaboration in T\u00fcrkiye\" style=\"background-image: url(https:\/\/temacons.com\/wp-content\/uploads\/2024\/11\/TEWS_hikaye.webp)\">\n  \t\t\t\t<\/a>\n\t\t\t<\/div>\n\t  \t\t\n\t  \t\t<div class=\"bdt-post-grid-desc bdt-padding\">\n\t\t\t\t<h2 class=\"bdt-post-grid-title\">\n\t\t\t\t<a href=\"https:\/\/temacons.com\/en\/tews-and-tema-makina-begin-a-promising-collaboration-in-turkiye\/\" class=\"bdt-post-grid-link\" title=\"TEWS and TEMA Makina Begin a Promising Collaboration in T\u00fcrkiye\">\n\t\t\t\t\tTEWS and TEMA Makina Begin a Promising Collaboration in T\u00fcrkiye\n\t\t\t\t<\/a>\n\t\t\t<\/h2>\n\t\t\t\t\t\t<div class=\"bdt-post-grid-excerpt\">\n\t\t\t<p>TEMA Makina is pleased to announce the start of our collaboration with TEWS, which stands out with its long-standing experience in the pharmaceutical, chemical and food sectors. Our Common Goals: Customer-Focused Approach:\u00a0TEWS and TEMA emphasize customer success through customized solutions and professional support. Technology-Focused Solutions:\u00a0We are taking our innovative and complementary solutions to the next [&hellip;]<\/p>\n\t\t<\/div>\n\n\t\t\t\t\t\t\t\t\t\t\n\t\t\t\t\t\t\t\t\t<div class=\"bdt-post-grid-meta bdt-subnav bdt-flex-inline bdt-flex-middle bdt-margin-small-top bdt-padding-remove-horizontal\">\n\t\t\t\t\t\t\t\t\t\t\t\t<span class=\"bdt-post-grid-date\">21 November 2024<\/span>\t\t\t\t\t\t\t\t\t\t\t\t\t\t\t\t\t<\/div>\n\t\t\t\t\t\t\t<\/div>\n\n\t\t\t\t\t<div class=\"bdt-post-grid-category bdt-position-z-index bdt-position-small bdt-position-top-right\">\n\t\t\t<a href=\"https:\/\/temacons.com\/en\/category\/industry-news\/\">Industry news<\/a> <a href=\"https:\/\/temacons.com\/en\/category\/stories\/\">Stories<\/a>\t\t<\/div>\n\t\t\t\t<\/div>\n\t\t\t\t\t\t\t<\/div>\t  \t\t\t\n\t\t  \t\t\t\n\t\t\t\t\n\t\t\t\t\t<div class=\" bdt-width-1-3@m bdt-plane-desktop bdt-width-1-2@s bdt-plane-tablet bdt-width-1-1 bdt-plane-mobile\">\n\t\t\t\t\t\t\t\t<div onclick=\"window.open(&#039;https:\/\/temacons.com\/en\/we-are-lookingforward-to-meeting-you-at\/&#039;, &#039;_self&#039;)\" class=\"bdt-post-grid-item bdt-transition-toggle bdt-position-relative\">\n\t\t\t<div class=\"bdt-post-grid-img-wrap bdt-overflow-hidden\">\n\t\t\t\t<a href=\"https:\/\/temacons.com\/en\/we-are-lookingforward-to-meeting-you-at\/\" class=\"bdt-transition-scale-down bdt-background-cover bdt-transition-opaque bdt-flex\" title=\"We are lookingforward to meeting you at Interpack 2023\" style=\"background-image: url(https:\/\/temacons.com\/wp-content\/uploads\/2023\/04\/tema-interpack-fuari-14042023-hikaye2.webp)\">\n  \t\t\t\t<\/a>\n\t\t\t<\/div>\n\t  \t\t\n\t  \t\t<div class=\"bdt-post-grid-desc bdt-padding\">\n\t\t\t\t<h2 class=\"bdt-post-grid-title\">\n\t\t\t\t<a href=\"https:\/\/temacons.com\/en\/we-are-lookingforward-to-meeting-you-at\/\" class=\"bdt-post-grid-link\" title=\"We are lookingforward to meeting you at Interpack 2023\">\n\t\t\t\t\tWe are lookingforward to meeting you at Interpack 2023\n\t\t\t\t<\/a>\n\t\t\t<\/h2>\n\t\t\t\t\t\t<div class=\"bdt-post-grid-excerpt\">\n\t\t\t<p>We are looking forward to meeting you at Interpack 2023, which will take place between 4 \u2013<\/p>\n\t\t<\/div>\n\n\t\t\t\t\t\t\t\t\t\t\n\t\t\t\t\t\t\t\t\t<div class=\"bdt-post-grid-meta bdt-subnav bdt-flex-inline bdt-flex-middle bdt-margin-small-top bdt-padding-remove-horizontal\">\n\t\t\t\t\t\t\t\t\t\t\t\t<span class=\"bdt-post-grid-date\">25 April 2023<\/span>\t\t\t\t\t\t\t\t\t\t\t\t\t\t\t\t\t<\/div>\n\t\t\t\t\t\t\t<\/div>\n\n\t\t\t\t\t<div class=\"bdt-post-grid-category bdt-position-z-index bdt-position-small bdt-position-top-right\">\n\t\t\t<a href=\"https:\/\/temacons.com\/en\/category\/industry-news\/\">Industry news<\/a> <a href=\"https:\/\/temacons.com\/en\/category\/stories\/\">Stories<\/a>\t\t<\/div>\n\t\t\t\t<\/div>\n\t\t\t\t\t\t\t<\/div>\t  \t\t\t\n\t\t  \t\t\t\n\t\t\t\t\n\t\t\t\t\t<div class=\" bdt-width-1-3@m bdt-plane-desktop bdt-width-1-2@s bdt-reverse-tablet bdt-width-1-1 bdt-plane-mobile\">\n\t\t\t\t\t\t\t\t<div onclick=\"window.open(&#039;https:\/\/temacons.com\/en\/tema-pharmatalks-2022\/&#039;, &#039;_self&#039;)\" class=\"bdt-post-grid-item bdt-transition-toggle bdt-position-relative\">\n\t\t\t<div class=\"bdt-post-grid-img-wrap bdt-overflow-hidden\">\n\t\t\t\t<a href=\"https:\/\/temacons.com\/en\/tema-pharmatalks-2022\/\" class=\"bdt-transition-scale-down bdt-background-cover bdt-transition-opaque bdt-flex\" title=\"Tema PharmaTalks 2022\" style=\"background-image: url(https:\/\/temacons.com\/wp-content\/uploads\/2022\/11\/temacons-hikayeler-Tema-PharmaTalks-2022-150420.webp)\">\n  \t\t\t\t<\/a>\n\t\t\t<\/div>\n\t  \t\t\n\t  \t\t<div class=\"bdt-post-grid-desc bdt-padding\">\n\t\t\t\t<h2 class=\"bdt-post-grid-title\">\n\t\t\t\t<a href=\"https:\/\/temacons.com\/en\/tema-pharmatalks-2022\/\" class=\"bdt-post-grid-link\" title=\"Tema PharmaTalks 2022\">\n\t\t\t\t\tTema PharmaTalks 2022\n\t\t\t\t<\/a>\n\t\t\t<\/h2>\n\t\t\t\t\t\t<div class=\"bdt-post-grid-excerpt\">\n\t\t\t<p>We are happy to have met you at our Tema PharmaTalks organization in 2022. At the event, held in \u00c7\u0131ra\u011fan Palace, our business partners, who are experts in pharmaceutical production equipment, shared the latest developments in their fields with our valuable participants. You can access the recordings of the presentations we have made on our [&hellip;]<\/p>\n\t\t<\/div>\n\n\t\t\t\t\t\t\t\t\t\t\n\t\t\t\t\t\t\t\t\t<div class=\"bdt-post-grid-meta bdt-subnav bdt-flex-inline bdt-flex-middle bdt-margin-small-top bdt-padding-remove-horizontal\">\n\t\t\t\t\t\t\t\t\t\t\t\t<span class=\"bdt-post-grid-date\">23 November 2022<\/span>\t\t\t\t\t\t\t\t\t\t\t\t\t\t\t\t\t<\/div>\n\t\t\t\t\t\t\t<\/div>\n\n\t\t\t\t\t<div class=\"bdt-post-grid-category bdt-position-z-index bdt-position-small bdt-position-top-right\">\n\t\t\t<a href=\"https:\/\/temacons.com\/en\/category\/industry-news\/\">Industry news<\/a> <a href=\"https:\/\/temacons.com\/en\/category\/stories\/\">Stories<\/a>\t\t<\/div>\n\t\t\t\t<\/div>\n\t\t\t\t\t\t\t<\/div>\t  \t\t\t\n\t\t  \t\t\t\n\t\t\t\t\n\t\t\t\t\t<div class=\" bdt-width-1-3@m bdt-reverse-desktop bdt-width-1-2@s bdt-plane-tablet bdt-width-1-1 bdt-plane-mobile\">\n\t\t\t\t\t\t\t\t<div onclick=\"window.open(&#039;https:\/\/temacons.com\/en\/we-attended-the-vitafoods-2022-exhibition-in-geneva\/&#039;, &#039;_self&#039;)\" class=\"bdt-post-grid-item bdt-transition-toggle bdt-position-relative\">\n\t\t\t<div class=\"bdt-post-grid-img-wrap bdt-overflow-hidden\">\n\t\t\t\t<a href=\"https:\/\/temacons.com\/en\/we-attended-the-vitafoods-2022-exhibition-in-geneva\/\" class=\"bdt-transition-scale-down bdt-background-cover bdt-transition-opaque bdt-flex\" title=\"We Attended The Vitafoods 2022 Exhibition In Geneva\" style=\"background-image: url(https:\/\/temacons.com\/wp-content\/uploads\/2022\/05\/VITAFOODS.png)\">\n  \t\t\t\t<\/a>\n\t\t\t<\/div>\n\t  \t\t\n\t  \t\t<div class=\"bdt-post-grid-desc bdt-padding\">\n\t\t\t\t<h2 class=\"bdt-post-grid-title\">\n\t\t\t\t<a href=\"https:\/\/temacons.com\/en\/we-attended-the-vitafoods-2022-exhibition-in-geneva\/\" class=\"bdt-post-grid-link\" title=\"We Attended The Vitafoods 2022 Exhibition In Geneva\">\n\t\t\t\t\tWe Attended The Vitafoods 2022 Exhibition In Geneva\n\t\t\t\t<\/a>\n\t\t\t<\/h2>\n\t\t\t\t\t\t<div class=\"bdt-post-grid-excerpt\">\n\t\t\t<p>We attended the Vitafoods exhibition in Geneva on May 10 - 12, where we gained valuable insights<\/p>\n\t\t<\/div>\n\n\t\t\t\t\t\t\t\t\t\t\n\t\t\t\t\t\t\t\t\t<div class=\"bdt-post-grid-meta bdt-subnav bdt-flex-inline bdt-flex-middle bdt-margin-small-top bdt-padding-remove-horizontal\">\n\t\t\t\t\t\t\t\t\t\t\t\t<span class=\"bdt-post-grid-date\">27 May 2022<\/span>\t\t\t\t\t\t\t\t\t\t\t\t\t\t\t\t\t<\/div>\n\t\t\t\t\t\t\t<\/div>\n\n\t\t\t\t\t<div class=\"bdt-post-grid-category bdt-position-z-index bdt-position-small bdt-position-top-right\">\n\t\t\t<a href=\"https:\/\/temacons.com\/en\/category\/industry-news\/\">Industry news<\/a> <a href=\"https:\/\/temacons.com\/en\/category\/stories\/\">Stories<\/a>\t\t<\/div>\n\t\t\t\t<\/div>\n\t\t\t\t\t\t\t<\/div>\t  \t\t\t\n\t\t  \t\t\t\n\t\t\t\t\n\t\t\t\t\t<div class=\" bdt-width-1-3@m bdt-plane-desktop bdt-width-1-2@s bdt-reverse-tablet bdt-width-1-1 bdt-plane-mobile\">\n\t\t\t\t\t\t\t\t<div onclick=\"window.open(&#039;https:\/\/temacons.com\/en\/click-to-attend-virtual-pharma-expo\/&#039;, &#039;_self&#039;)\" class=\"bdt-post-grid-item bdt-transition-toggle bdt-position-relative\">\n\t\t\t<div class=\"bdt-post-grid-img-wrap bdt-overflow-hidden\">\n\t\t\t\t<a href=\"https:\/\/temacons.com\/en\/click-to-attend-virtual-pharma-expo\/\" class=\"bdt-transition-scale-down bdt-background-cover bdt-transition-opaque bdt-flex\" title=\"Click to attend Virtual Pharma Expo\" style=\"background-image: url(https:\/\/temacons.com\/wp-content\/uploads\/2022\/02\/virtual-expo2.png)\">\n  \t\t\t\t<\/a>\n\t\t\t<\/div>\n\t  \t\t\n\t  \t\t<div class=\"bdt-post-grid-desc bdt-padding\">\n\t\t\t\t<h2 class=\"bdt-post-grid-title\">\n\t\t\t\t<a href=\"https:\/\/temacons.com\/en\/click-to-attend-virtual-pharma-expo\/\" class=\"bdt-post-grid-link\" title=\"Click to attend Virtual Pharma Expo\">\n\t\t\t\t\tClick to attend Virtual Pharma Expo\n\t\t\t\t<\/a>\n\t\t\t<\/h2>\n\t\t\t\t\t\t<div class=\"bdt-post-grid-excerpt\">\n\t\t\t<p>We invite you to the Virtual Pharma Expo, which will be held on February 22-23, to watch<\/p>\n\t\t<\/div>\n\n\t\t\t\t\t\t\t\t\t\t\n\t\t\t\t\t\t\t\t\t<div class=\"bdt-post-grid-meta bdt-subnav bdt-flex-inline bdt-flex-middle bdt-margin-small-top bdt-padding-remove-horizontal\">\n\t\t\t\t\t\t\t\t\t\t\t\t<span class=\"bdt-post-grid-date\">3 February 2022<\/span>\t\t\t\t\t\t\t\t\t\t\t\t\t\t\t\t\t<\/div>\n\t\t\t\t\t\t\t<\/div>\n\n\t\t\t\t\t<div class=\"bdt-post-grid-category bdt-position-z-index bdt-position-small bdt-position-top-right\">\n\t\t\t<a href=\"https:\/\/temacons.com\/en\/category\/industry-news\/\">Industry news<\/a> <a href=\"https:\/\/temacons.com\/en\/category\/stories\/\">Stories<\/a>\t\t<\/div>\n\t\t\t\t<\/div>\n\t\t\t\t\t\t\t<\/div>\t  \t\t\t\n\t\t  \t\t\t\n\t\t\t\t\t\t\t<\/div>\n\t\t<\/div>\t\n \t\t\t\t\t\t<\/div>\n\t\t\t\t<\/div>\n\t\t\t\t\t<\/div>\n\t\t<\/div>\n\t\t\t\t\t<\/div>\n\t\t<\/section>\n\t\t\t\t\t<\/div>\n\t\t<\/div>\n\t\t\t\t\t<\/div>\n\t\t<\/section>\n\t\t\t\t<\/div>\n\t\t","protected":false},"excerpt":{"rendered":"<p>Explore We are lookingforward to meeting you at Interpack 2023 We are looking forward to meeting you at Interpack 2023, which will take place between 4 \u2013 25 Nisan 2023 Industry news Stories Tema PharmaTalks 2022 We are happy to have met you at our Tema PharmaTalks organization in 2022. At the event, held in [&hellip;]<\/p>\n","protected":false},"author":2,"featured_media":0,"parent":0,"menu_order":0,"comment_status":"closed","ping_status":"closed","template":"","meta":{"footnotes":""},"categories":[],"tags":[],"class_list":["post-5076","page","type-page","status-publish","hentry"],"_links":{"self":[{"href":"https:\/\/temacons.com\/en\/wp-json\/wp\/v2\/pages\/5076","targetHints":{"allow":["GET"]}}],"collection":[{"href":"https:\/\/temacons.com\/en\/wp-json\/wp\/v2\/pages"}],"about":[{"href":"https:\/\/temacons.com\/en\/wp-json\/wp\/v2\/types\/page"}],"author":[{"embeddable":true,"href":"https:\/\/temacons.com\/en\/wp-json\/wp\/v2\/users\/2"}],"replies":[{"embeddable":true,"href":"https:\/\/temacons.com\/en\/wp-json\/wp\/v2\/comments?post=5076"}],"version-history":[{"count":0,"href":"https:\/\/temacons.com\/en\/wp-json\/wp\/v2\/pages\/5076\/revisions"}],"wp:attachment":[{"href":"https:\/\/temacons.com\/en\/wp-json\/wp\/v2\/media?parent=5076"}],"wp:term":[{"taxonomy":"category","embeddable":true,"href":"https:\/\/temacons.com\/en\/wp-json\/wp\/v2\/categories?post=5076"},{"taxonomy":"post_tag","embeddable":true,"href":"https:\/\/temacons.com\/en\/wp-json\/wp\/v2\/tags?post=5076"}],"curies":[{"name":"wp","href":"https:\/\/api.w.org\/{rel}","templated":true}]}}