{"id":5081,"date":"2021-02-25T09:30:29","date_gmt":"2021-02-25T06:30:29","guid":{"rendered":"https:\/\/temacons.com\/iletisim\/"},"modified":"2025-02-20T16:13:52","modified_gmt":"2025-02-20T13:13:52","slug":"contact","status":"publish","type":"page","link":"https:\/\/temacons.com\/en\/contact\/","title":{"rendered":"Contact"},"content":{"rendered":"\t\t<div data-elementor-type=\"page\" data-elementor-id=\"5081\" class=\"elementor elementor-5081 elementor-796\" data-elementor-settings=\"{&quot;element_pack_global_tooltip_width&quot;:{&quot;unit&quot;:&quot;px&quot;,&quot;size&quot;:&quot;&quot;,&quot;sizes&quot;:[]},&quot;element_pack_global_tooltip_width_tablet&quot;:{&quot;unit&quot;:&quot;px&quot;,&quot;size&quot;:&quot;&quot;,&quot;sizes&quot;:[]},&quot;element_pack_global_tooltip_width_mobile&quot;:{&quot;unit&quot;:&quot;px&quot;,&quot;size&quot;:&quot;&quot;,&quot;sizes&quot;:[]},&quot;element_pack_global_tooltip_padding&quot;:{&quot;unit&quot;:&quot;px&quot;,&quot;top&quot;:&quot;&quot;,&quot;right&quot;:&quot;&quot;,&quot;bottom&quot;:&quot;&quot;,&quot;left&quot;:&quot;&quot;,&quot;isLinked&quot;:true},&quot;element_pack_global_tooltip_padding_tablet&quot;:{&quot;unit&quot;:&quot;px&quot;,&quot;top&quot;:&quot;&quot;,&quot;right&quot;:&quot;&quot;,&quot;bottom&quot;:&quot;&quot;,&quot;left&quot;:&quot;&quot;,&quot;isLinked&quot;:true},&quot;element_pack_global_tooltip_padding_mobile&quot;:{&quot;unit&quot;:&quot;px&quot;,&quot;top&quot;:&quot;&quot;,&quot;right&quot;:&quot;&quot;,&quot;bottom&quot;:&quot;&quot;,&quot;left&quot;:&quot;&quot;,&quot;isLinked&quot;:true},&quot;element_pack_global_tooltip_border_radius&quot;:{&quot;unit&quot;:&quot;px&quot;,&quot;top&quot;:&quot;&quot;,&quot;right&quot;:&quot;&quot;,&quot;bottom&quot;:&quot;&quot;,&quot;left&quot;:&quot;&quot;,&quot;isLinked&quot;:true},&quot;element_pack_global_tooltip_border_radius_tablet&quot;:{&quot;unit&quot;:&quot;px&quot;,&quot;top&quot;:&quot;&quot;,&quot;right&quot;:&quot;&quot;,&quot;bottom&quot;:&quot;&quot;,&quot;left&quot;:&quot;&quot;,&quot;isLinked&quot;:true},&quot;element_pack_global_tooltip_border_radius_mobile&quot;:{&quot;unit&quot;:&quot;px&quot;,&quot;top&quot;:&quot;&quot;,&quot;right&quot;:&quot;&quot;,&quot;bottom&quot;:&quot;&quot;,&quot;left&quot;:&quot;&quot;,&quot;isLinked&quot;:true}}\" data-elementor-post-type=\"page\">\n\t\t\t\t\t\t<section class=\"elementor-section elementor-top-section elementor-element elementor-element-7012209 elementor-section-content-middle elementor-section-boxed elementor-section-height-default elementor-section-height-default\" data-id=\"7012209\" data-element_type=\"section\">\n\t\t\t\t\t\t<div class=\"elementor-container elementor-column-gap-wider\">\n\t\t\t\t\t<div class=\"elementor-column elementor-col-50 elementor-top-column elementor-element elementor-element-40768cb7\" data-id=\"40768cb7\" data-element_type=\"column\">\n\t\t\t<div class=\"elementor-widget-wrap elementor-element-populated\">\n\t\t\t\t\t\t<div class=\"elementor-element elementor-element-669689f9 elementor-widget elementor-widget-bdt-advanced-heading\" data-id=\"669689f9\" data-element_type=\"widget\" data-widget_type=\"bdt-advanced-heading.default\">\n\t\t\t\t<div class=\"elementor-widget-container\">\n\t\t\t\t\t<div id =\"669689f9\" class=\"bdt-ep-advanced-heading\" data-settings=\"{&quot;titleMultiColor&quot;:&quot;no&quot;}\"><h1 class=\"bdt-ep-advanced-heading-title\"><span class=\"bdt-ep-advanced-heading-main-title\"><span class=\"bdt-ep-advanced-heading-main-title-inner\">Contact Form<\/span><\/span><\/h1><\/div>\t\t\t\t<\/div>\n\t\t\t\t<\/div>\n\t\t\t\t<div class=\"elementor-element elementor-element-a2f8bcc elementor-widget elementor-widget-html\" data-id=\"a2f8bcc\" data-element_type=\"widget\" data-widget_type=\"html.default\">\n\t\t\t\t<div class=\"elementor-widget-container\">\n\t\t\t\t\t<!DOCTYPE html>\r\n\r\n<html>\r\n  <head>\r\n    <meta http-equiv=\"Content-type\" content=\"text\/html; charset=UTF-8\" \/>\r\n    <title>Lead Form<\/title>\r\n\r\n    <style>\r\n      body {\r\n        font-family: Arial, sans-serif;\r\n      }\r\n\r\n      form {\r\n        max-width: 500px;\r\n        margin: 0 auto;\r\n      }\r\n\r\n      label {\r\n        display: block;\r\n\r\n        margin-top: 10px;\r\n      }\r\n\r\n      h1 {\r\n        text-align: center;\r\n      }\r\n\r\n      input,\r\n      select,\r\n      textarea {\r\n        width: 100%;\r\n        margin-bottom: 15px;\r\n        height: 45px;\r\n        padding: 5px;\r\n        box-sizing: border-box;\r\n        border-radius: 15px;\r\n        border-color: grey !important;\r\n      }\r\n      select[multiple=\"multiple\"] {\r\n        height: 75px;\r\n      }\r\n      textarea {\r\n        height: 150px;\r\n      }\r\n      input[type=\"submit\"] {\r\n        background-color: #4caf50;\r\n\r\n        color: white;\r\n        cursor: pointer;\r\n      }\r\n      input[type=\"submit\"]:disabled {\r\n        background-color: grey;\r\n        cursor: not-allowed;\r\n      }\r\n      input[type=\"submit\"]:hover:disabled {\r\n        background-color: grey;\r\n      }\r\n      input[type=\"submit\"]:hover {\r\n        background-color: #45a049;\r\n      }\r\n      @media only screen and (max-width: 767px) {\r\n        form {\r\n          max-width: 350px;\r\n          margin: 0 auto;\r\n        }\r\n\r\n        textarea {\r\n          height: 150px;\r\n        }\r\n\r\n        input,\r\n        select,\r\n        textarea {\r\n          height: 35px;\r\n          margin-bottom: 15px;\r\n          padding: 5px;\r\n        }\r\n        body {\r\n          font-family: Arial, sans-serif;\r\n          font-size: 14px;\r\n        }\r\n      }\r\n\r\n      .required:after {\r\n        content: \" *\";\r\n        color: red;\r\n      }\r\n\r\n      .checkbox-container {\r\n        margin-top: -20px;\r\n        display: flex;\r\n        align-items: center;\r\n        margin-bottom: 15px;\r\n      }\r\n\r\n      .checkbox-container input[type=\"checkbox\"] {\r\n        margin-top: 25px;\r\n        margin-right: 10px;\r\n        width: 25px;\r\n        height: 25px;\r\n      }\r\n\r\n      .info-link {\r\n        margin-top: -15px;\r\n        font-size: 1em;\r\n      }\r\n    <\/style>\r\n    <script>\r\n      document.addEventListener(\"DOMContentLoaded\", function () {\r\n        var checkbox = document.getElementById(\"consent\");\r\n        var submitButton = document.getElementById(\"submit\");\r\n\r\n        checkbox.addEventListener(\"change\", function () {\r\n          submitButton.disabled = !checkbox.checked;\r\n        });\r\n\r\n        \/\/ Initially disable the submit button\r\n        submitButton.disabled = true;\r\n      });\r\n    <\/script>\r\n  <\/head>\r\n  <body>\r\n    <form\r\n      action=\"https:\/\/webto.salesforce.com\/servlet\/servlet.WebToLead?encoding=UTF-8&orgId=00D3z000002uY18\"\r\n      method=\"POST\"\r\n    >\r\n      <h1> <\/h1>\r\n      <input type=\"hidden\" name=\"oid\" value=\"00D3z000002uY18\" \/>\r\n      <input type=\"hidden\" name=\"retURL\" value=\"https:\/\/temacons.com\/\" \/>\r\n\r\n      <!--\u00dcstteki sat\u0131rdaki 'temacons.com' yerine istedi\u011finiz formun ba\u015far\u0131yla dolduruldu\u011funu belirten bir al\u0131nd\u0131 sayfas\u0131 kullan\u0131lmas\u0131 tavsiye edilir. -->\r\n\r\n      <label for=\"first_name\" class=\"required\">First Name<\/label\r\n      ><input\r\n        id=\"first_name\"\r\n        maxlength=\"40\"\r\n        name=\"first_name\"\r\n        size=\"20\"\r\n        type=\"text\"\r\n      \/><br \/>\r\n\r\n      <label for=\"last_name\" class=\"required\">Last Name<\/label\r\n      ><input\r\n        id=\"last_name\"\r\n        maxlength=\"80\"\r\n        name=\"last_name\"\r\n        size=\"20\"\r\n        type=\"text\"\r\n      \/><br \/>\r\n\r\n      <label for=\"email\" class=\"required\">Email<\/label\r\n      ><input\r\n        id=\"email\"\r\n        maxlength=\"80\"\r\n        name=\"email\"\r\n        size=\"20\"\r\n        type=\"text\"\r\n      \/><br \/>\r\n\r\n      <label for=\"phone\">Phone<\/label\r\n      ><input\r\n        id=\"phone\"\r\n        maxlength=\"40\"\r\n        name=\"phone\"\r\n        size=\"20\"\r\n        type=\"text\"\r\n      \/><br \/>\r\n\r\n      <label for=\"company\">Company<\/label\r\n      ><input\r\n        id=\"company\"\r\n        maxlength=\"40\"\r\n        name=\"company\"\r\n        size=\"20\"\r\n        type=\"text\"\r\n      \/><br \/>\r\n\r\n      <label for=\"description\">Description<\/label\r\n      ><textarea name=\"description\"><\/textarea><br \/>\r\n\r\n      <div class=\"checkbox-container\">\r\n        <input type=\"checkbox\" id=\"consent\" \/>\r\n        <label for=\"consent\"\r\n          >I have read and accept the personal data processing\r\n          information.<\/label\r\n        >\r\n      <\/div>\r\n      <p class=\"info-link\">\r\n        <a target=\"_blank\" href=\"https:\/\/temacons.com\/aydinlatma-metni\"\r\n          >Click here<\/a\r\n        >\r\n        for the personal data processing information page.\r\n      <\/p>\r\n\r\n      <input type=\"submit\" id=\"submit\" name=\"submit\" value=\"G\u00f6nder\" \/>\r\n    <\/form>\r\n  <\/body>\r\n<\/html>\r\n\t\t\t\t<\/div>\n\t\t\t\t<\/div>\n\t\t\t\t\t<\/div>\n\t\t<\/div>\n\t\t\t\t<div class=\"elementor-column elementor-col-50 elementor-top-column elementor-element elementor-element-7ca2ce9f\" data-id=\"7ca2ce9f\" data-element_type=\"column\">\n\t\t\t<div class=\"elementor-widget-wrap elementor-element-populated\">\n\t\t\t\t\t\t<div class=\"elementor-element elementor-element-9cb074e elementor-widget elementor-widget-bdt-advanced-heading\" data-id=\"9cb074e\" data-element_type=\"widget\" data-widget_type=\"bdt-advanced-heading.default\">\n\t\t\t\t<div class=\"elementor-widget-container\">\n\t\t\t\t\t<div id =\"9cb074e\" class=\"bdt-ep-advanced-heading\" data-settings=\"{&quot;titleMultiColor&quot;:&quot;no&quot;}\"><h2 class=\"bdt-ep-advanced-heading-title\"><span class=\"bdt-ep-advanced-heading-main-title\"><span class=\"bdt-ep-advanced-heading-main-title-inner\">\u0130stanbul<\/span><\/span><\/h2><\/div>\t\t\t\t<\/div>\n\t\t\t\t<\/div>\n\t\t\t\t<div class=\"elementor-element elementor-element-6f95709 elementor-icon-list--layout-traditional elementor-list-item-link-full_width elementor-widget elementor-widget-icon-list\" data-id=\"6f95709\" data-element_type=\"widget\" data-widget_type=\"icon-list.default\">\n\t\t\t\t<div class=\"elementor-widget-container\">\n\t\t\t\t\t\t\t<ul class=\"elementor-icon-list-items\">\n\t\t\t\t\t\t\t<li class=\"elementor-icon-list-item\">\n\t\t\t\t\t\t\t\t\t\t\t<span class=\"elementor-icon-list-icon\">\n\t\t\t\t\t\t\t<svg aria-hidden=\"true\" class=\"e-font-icon-svg e-fas-map-marker-alt\" viewBox=\"0 0 384 512\" xmlns=\"http:\/\/www.w3.org\/2000\/svg\"><path d=\"M172.268 501.67C26.97 291.031 0 269.413 0 192 0 85.961 85.961 0 192 0s192 85.961 192 192c0 77.413-26.97 99.031-172.268 309.67-9.535 13.774-29.93 13.773-39.464 0zM192 272c44.183 0 80-35.817 80-80s-35.817-80-80-80-80 35.817-80 80 35.817 80 80 80z\"><\/path><\/svg>\t\t\t\t\t\t<\/span>\n\t\t\t\t\t\t\t\t\t\t<span class=\"elementor-icon-list-text\">Biruni Teknopark Kazl\u0131\u00e7e\u015fme Mah. 245 Sk. No:5 34020 Zeytinburnu \/ \u0130stanbul<\/span>\n\t\t\t\t\t\t\t\t\t<\/li>\n\t\t\t\t\t\t\t\t<li class=\"elementor-icon-list-item\">\n\t\t\t\t\t\t\t\t\t\t\t<a href=\"mailto:tema@temacons.com\">\n\n\t\t\t\t\t\t\t\t\t\t\t\t<span class=\"elementor-icon-list-icon\">\n\t\t\t\t\t\t\t<svg aria-hidden=\"true\" class=\"e-font-icon-svg e-fas-envelope\" viewBox=\"0 0 512 512\" xmlns=\"http:\/\/www.w3.org\/2000\/svg\"><path d=\"M502.3 190.8c3.9-3.1 9.7-.2 9.7 4.7V400c0 26.5-21.5 48-48 48H48c-26.5 0-48-21.5-48-48V195.6c0-5 5.7-7.8 9.7-4.7 22.4 17.4 52.1 39.5 154.1 113.6 21.1 15.4 56.7 47.8 92.2 47.6 35.7.3 72-32.8 92.3-47.6 102-74.1 131.6-96.3 154-113.7zM256 320c23.2.4 56.6-29.2 73.4-41.4 132.7-96.3 142.8-104.7 173.4-128.7 5.8-4.5 9.2-11.5 9.2-18.9v-19c0-26.5-21.5-48-48-48H48C21.5 64 0 85.5 0 112v19c0 7.4 3.4 14.3 9.2 18.9 30.6 23.9 40.7 32.4 173.4 128.7 16.8 12.2 50.2 41.8 73.4 41.4z\"><\/path><\/svg>\t\t\t\t\t\t<\/span>\n\t\t\t\t\t\t\t\t\t\t<span class=\"elementor-icon-list-text\">tema@temacons.com<\/span>\n\t\t\t\t\t\t\t\t\t\t\t<\/a>\n\t\t\t\t\t\t\t\t\t<\/li>\n\t\t\t\t\t\t<\/ul>\n\t\t\t\t\t\t<\/div>\n\t\t\t\t<\/div>\n\t\t\t\t<div class=\"elementor-element elementor-element-73a6c36 elementor-widget-divider--separator-type-pattern elementor-widget-divider--view-line elementor-widget elementor-widget-divider\" data-id=\"73a6c36\" data-element_type=\"widget\" data-widget_type=\"divider.default\">\n\t\t\t\t<div class=\"elementor-widget-container\">\n\t\t\t\t\t\t\t<div class=\"elementor-divider\" style=\"--divider-pattern-url: url(&quot;data:image\/svg+xml,%3Csvg xmlns=&#039;http:\/\/www.w3.org\/2000\/svg&#039; preserveAspectRatio=&#039;none&#039; overflow=&#039;visible&#039; height=&#039;100%&#039; viewBox=&#039;0 0 20 16&#039; fill=&#039;none&#039; stroke=&#039;black&#039; stroke-width=&#039;1&#039; stroke-linecap=&#039;square&#039; stroke-miterlimit=&#039;10&#039;%3E%3Cg transform=&#039;translate(-12.000000, 0)&#039;%3E%3Cpath d=&#039;M28,0L10,18&#039;\/%3E%3Cpath d=&#039;M18,0L0,18&#039;\/%3E%3Cpath d=&#039;M48,0L30,18&#039;\/%3E%3Cpath d=&#039;M38,0L20,18&#039;\/%3E%3C\/g%3E%3C\/svg%3E&quot;);\">\n\t\t\t<span class=\"elementor-divider-separator\">\n\t\t\t\t\t\t<\/span>\n\t\t<\/div>\n\t\t\t\t\t\t<\/div>\n\t\t\t\t<\/div>\n\t\t\t\t<div class=\"elementor-element elementor-element-d679937 elementor-widget elementor-widget-bdt-advanced-heading\" data-id=\"d679937\" data-element_type=\"widget\" data-widget_type=\"bdt-advanced-heading.default\">\n\t\t\t\t<div class=\"elementor-widget-container\">\n\t\t\t\t\t<div id =\"d679937\" class=\"bdt-ep-advanced-heading\" data-settings=\"{&quot;titleMultiColor&quot;:&quot;no&quot;}\"><h2 class=\"bdt-ep-advanced-heading-title\"><span class=\"bdt-ep-advanced-heading-main-title\"><span class=\"bdt-ep-advanced-heading-main-title-inner\">Barcelona<\/span><\/span><\/h2><\/div>\t\t\t\t<\/div>\n\t\t\t\t<\/div>\n\t\t\t\t<div class=\"elementor-element elementor-element-4498a460 elementor-icon-list--layout-traditional elementor-list-item-link-full_width elementor-widget elementor-widget-icon-list\" data-id=\"4498a460\" data-element_type=\"widget\" data-widget_type=\"icon-list.default\">\n\t\t\t\t<div class=\"elementor-widget-container\">\n\t\t\t\t\t\t\t<ul class=\"elementor-icon-list-items\">\n\t\t\t\t\t\t\t<li class=\"elementor-icon-list-item\">\n\t\t\t\t\t\t\t\t\t\t\t<span class=\"elementor-icon-list-icon\">\n\t\t\t\t\t\t\t<svg aria-hidden=\"true\" class=\"e-font-icon-svg e-fas-map-marker-alt\" viewBox=\"0 0 384 512\" xmlns=\"http:\/\/www.w3.org\/2000\/svg\"><path d=\"M172.268 501.67C26.97 291.031 0 269.413 0 192 0 85.961 85.961 0 192 0s192 85.961 192 192c0 77.413-26.97 99.031-172.268 309.67-9.535 13.774-29.93 13.773-39.464 0zM192 272c44.183 0 80-35.817 80-80s-35.817-80-80-80-80 35.817-80 80 35.817 80 80 80z\"><\/path><\/svg>\t\t\t\t\t\t<\/span>\n\t\t\t\t\t\t\t\t\t\t<span class=\"elementor-icon-list-text\">Barcelona \/ Spain<\/span>\n\t\t\t\t\t\t\t\t\t<\/li>\n\t\t\t\t\t\t\t\t<li class=\"elementor-icon-list-item\">\n\t\t\t\t\t\t\t\t\t\t\t<a href=\"mailto:tema@temacons.com\">\n\n\t\t\t\t\t\t\t\t\t\t\t\t<span class=\"elementor-icon-list-icon\">\n\t\t\t\t\t\t\t<svg aria-hidden=\"true\" class=\"e-font-icon-svg e-fas-envelope\" viewBox=\"0 0 512 512\" xmlns=\"http:\/\/www.w3.org\/2000\/svg\"><path d=\"M502.3 190.8c3.9-3.1 9.7-.2 9.7 4.7V400c0 26.5-21.5 48-48 48H48c-26.5 0-48-21.5-48-48V195.6c0-5 5.7-7.8 9.7-4.7 22.4 17.4 52.1 39.5 154.1 113.6 21.1 15.4 56.7 47.8 92.2 47.6 35.7.3 72-32.8 92.3-47.6 102-74.1 131.6-96.3 154-113.7zM256 320c23.2.4 56.6-29.2 73.4-41.4 132.7-96.3 142.8-104.7 173.4-128.7 5.8-4.5 9.2-11.5 9.2-18.9v-19c0-26.5-21.5-48-48-48H48C21.5 64 0 85.5 0 112v19c0 7.4 3.4 14.3 9.2 18.9 30.6 23.9 40.7 32.4 173.4 128.7 16.8 12.2 50.2 41.8 73.4 41.4z\"><\/path><\/svg>\t\t\t\t\t\t<\/span>\n\t\t\t\t\t\t\t\t\t\t<span class=\"elementor-icon-list-text\">tema@temacons.com<\/span>\n\t\t\t\t\t\t\t\t\t\t\t<\/a>\n\t\t\t\t\t\t\t\t\t<\/li>\n\t\t\t\t\t\t<\/ul>\n\t\t\t\t\t\t<\/div>\n\t\t\t\t<\/div>\n\t\t\t\t\t<\/div>\n\t\t<\/div>\n\t\t\t\t\t<\/div>\n\t\t<\/section>\n\t\t\t\t<\/div>\n\t\t","protected":false},"excerpt":{"rendered":"<p>Contact Form Lead Form First Name Last Name Email Phone Company Description I have read and accept the personal data processing information. Click here for the personal data processing information page. \u0130stanbul Biruni Teknopark Kazl\u0131\u00e7e\u015fme Mah. 245 Sk. No:5 34020 Zeytinburnu \/ \u0130stanbul tema@temacons.com Barcelona Barcelona \/ Spain tema@temacons.com<\/p>\n","protected":false},"author":2,"featured_media":0,"parent":0,"menu_order":0,"comment_status":"closed","ping_status":"closed","template":"elementor_header_footer","meta":{"footnotes":""},"categories":[],"tags":[],"class_list":["post-5081","page","type-page","status-publish","hentry"],"_links":{"self":[{"href":"https:\/\/temacons.com\/en\/wp-json\/wp\/v2\/pages\/5081","targetHints":{"allow":["GET"]}}],"collection":[{"href":"https:\/\/temacons.com\/en\/wp-json\/wp\/v2\/pages"}],"about":[{"href":"https:\/\/temacons.com\/en\/wp-json\/wp\/v2\/types\/page"}],"author":[{"embeddable":true,"href":"https:\/\/temacons.com\/en\/wp-json\/wp\/v2\/users\/2"}],"replies":[{"embeddable":true,"href":"https:\/\/temacons.com\/en\/wp-json\/wp\/v2\/comments?post=5081"}],"version-history":[{"count":3,"href":"https:\/\/temacons.com\/en\/wp-json\/wp\/v2\/pages\/5081\/revisions"}],"predecessor-version":[{"id":8465,"href":"https:\/\/temacons.com\/en\/wp-json\/wp\/v2\/pages\/5081\/revisions\/8465"}],"wp:attachment":[{"href":"https:\/\/temacons.com\/en\/wp-json\/wp\/v2\/media?parent=5081"}],"wp:term":[{"taxonomy":"category","embeddable":true,"href":"https:\/\/temacons.com\/en\/wp-json\/wp\/v2\/categories?post=5081"},{"taxonomy":"post_tag","embeddable":true,"href":"https:\/\/temacons.com\/en\/wp-json\/wp\/v2\/tags?post=5081"}],"curies":[{"name":"wp","href":"https:\/\/api.w.org\/{rel}","templated":true}]}}