{"id":5410,"date":"2022-06-24T10:18:34","date_gmt":"2022-06-24T07:18:34","guid":{"rendered":"https:\/\/temacons.com\/our-partners\/matachana\/"},"modified":"2026-02-16T18:32:40","modified_gmt":"2026-02-16T15:32:40","slug":"matachana","status":"publish","type":"page","link":"https:\/\/temacons.com\/en\/our-partners\/matachana\/","title":{"rendered":"MATACHANA"},"content":{"rendered":"\t\t<div data-elementor-type=\"wp-page\" data-elementor-id=\"5410\" class=\"elementor elementor-5410 elementor-5242\" data-elementor-settings=\"{&quot;element_pack_global_tooltip_width&quot;:{&quot;unit&quot;:&quot;px&quot;,&quot;size&quot;:&quot;&quot;,&quot;sizes&quot;:[]},&quot;element_pack_global_tooltip_width_tablet&quot;:{&quot;unit&quot;:&quot;px&quot;,&quot;size&quot;:&quot;&quot;,&quot;sizes&quot;:[]},&quot;element_pack_global_tooltip_width_mobile&quot;:{&quot;unit&quot;:&quot;px&quot;,&quot;size&quot;:&quot;&quot;,&quot;sizes&quot;:[]},&quot;element_pack_global_tooltip_padding&quot;:{&quot;unit&quot;:&quot;px&quot;,&quot;top&quot;:&quot;&quot;,&quot;right&quot;:&quot;&quot;,&quot;bottom&quot;:&quot;&quot;,&quot;left&quot;:&quot;&quot;,&quot;isLinked&quot;:true},&quot;element_pack_global_tooltip_padding_tablet&quot;:{&quot;unit&quot;:&quot;px&quot;,&quot;top&quot;:&quot;&quot;,&quot;right&quot;:&quot;&quot;,&quot;bottom&quot;:&quot;&quot;,&quot;left&quot;:&quot;&quot;,&quot;isLinked&quot;:true},&quot;element_pack_global_tooltip_padding_mobile&quot;:{&quot;unit&quot;:&quot;px&quot;,&quot;top&quot;:&quot;&quot;,&quot;right&quot;:&quot;&quot;,&quot;bottom&quot;:&quot;&quot;,&quot;left&quot;:&quot;&quot;,&quot;isLinked&quot;:true},&quot;element_pack_global_tooltip_border_radius&quot;:{&quot;unit&quot;:&quot;px&quot;,&quot;top&quot;:&quot;&quot;,&quot;right&quot;:&quot;&quot;,&quot;bottom&quot;:&quot;&quot;,&quot;left&quot;:&quot;&quot;,&quot;isLinked&quot;:true},&quot;element_pack_global_tooltip_border_radius_tablet&quot;:{&quot;unit&quot;:&quot;px&quot;,&quot;top&quot;:&quot;&quot;,&quot;right&quot;:&quot;&quot;,&quot;bottom&quot;:&quot;&quot;,&quot;left&quot;:&quot;&quot;,&quot;isLinked&quot;:true},&quot;element_pack_global_tooltip_border_radius_mobile&quot;:{&quot;unit&quot;:&quot;px&quot;,&quot;top&quot;:&quot;&quot;,&quot;right&quot;:&quot;&quot;,&quot;bottom&quot;:&quot;&quot;,&quot;left&quot;:&quot;&quot;,&quot;isLinked&quot;:true}}\" data-elementor-post-type=\"page\">\n\t\t\t\t\t\t<section class=\"elementor-section elementor-top-section elementor-element elementor-element-daa466e elementor-section-content-middle elementor-section-boxed elementor-section-height-default elementor-section-height-default\" data-id=\"daa466e\" data-element_type=\"section\">\n\t\t\t\t\t\t<div class=\"elementor-container elementor-column-gap-wider\">\n\t\t\t\t\t<div class=\"elementor-column elementor-col-50 elementor-top-column elementor-element elementor-element-3873bb43 elementor-invisible\" data-id=\"3873bb43\" data-element_type=\"column\" data-settings=\"{&quot;animation&quot;:&quot;fadeInLeft&quot;}\">\n\t\t\t<div class=\"elementor-widget-wrap elementor-element-populated\">\n\t\t\t\t\t\t<div class=\"elementor-element elementor-element-fb13860 elementor-widget elementor-widget-image\" data-id=\"fb13860\" data-element_type=\"widget\" data-widget_type=\"image.default\">\n\t\t\t\t<div class=\"elementor-widget-container\">\n\t\t\t\t\t\t\t\t\t\t\t\t\t\t\t<img fetchpriority=\"high\" decoding=\"async\" width=\"500\" height=\"500\" src=\"https:\/\/temacons.com\/wp-content\/uploads\/2022\/06\/Temacons-Markalar-firma-MATACHANA-min.png\" class=\"attachment-full size-full wp-image-5245\" alt=\"\" srcset=\"https:\/\/temacons.com\/wp-content\/uploads\/2022\/06\/Temacons-Markalar-firma-MATACHANA-min.png 500w, https:\/\/temacons.com\/wp-content\/uploads\/2022\/06\/Temacons-Markalar-firma-MATACHANA-min-300x300.png 300w, https:\/\/temacons.com\/wp-content\/uploads\/2022\/06\/Temacons-Markalar-firma-MATACHANA-min-150x150.png 150w\" sizes=\"(max-width: 500px) 100vw, 500px\" \/>\t\t\t\t\t\t\t\t\t\t\t\t\t\t\t<\/div>\n\t\t\t\t<\/div>\n\t\t\t\t\t<\/div>\n\t\t<\/div>\n\t\t\t\t<div class=\"elementor-column elementor-col-50 elementor-top-column elementor-element elementor-element-54022fe0 elementor-invisible\" data-id=\"54022fe0\" data-element_type=\"column\" data-settings=\"{&quot;animation&quot;:&quot;fadeInRight&quot;}\">\n\t\t\t<div class=\"elementor-widget-wrap elementor-element-populated\">\n\t\t\t\t\t\t<div class=\"elementor-element elementor-element-aefcb86 elementor-widget elementor-widget-heading\" data-id=\"aefcb86\" data-element_type=\"widget\" data-widget_type=\"heading.default\">\n\t\t\t\t<div class=\"elementor-widget-container\">\n\t\t\t\t\t<h1 class=\"elementor-heading-title elementor-size-default\">Matachana<\/h1>\t\t\t\t<\/div>\n\t\t\t\t<\/div>\n\t\t\t\t<div class=\"elementor-element elementor-element-5d443a7f elementor-widget elementor-widget-text-editor\" data-id=\"5d443a7f\" data-element_type=\"widget\" data-widget_type=\"text-editor.default\">\n\t\t\t\t<div class=\"elementor-widget-container\">\n\t\t\t\t\t\t\t\t\t<p>Base in Spain, Matachana is a family-owned company with over 60 years of experience, having established four manufacturing facilities across Europe and expanded its presence to more than 120 countries.<\/p><p>Matachana, a global leader in the production of horizontal and vertical autoclaves, low-temperature sterilization technologies, washing, and thermo-disinfection equipment, provides comprehensive solutions for the healthcare, life sciences, and pharmaceutical sectors.<\/p><p>The company manufactures steam sterilizers, various low-temperature sterilization technologies, as well as washing and thermo-disinfection equipment, providing comprehensive solutions for healthcare, life sciences, and the pharmaceutical industry.<\/p><p>Its product portfolio includes GMP-compliant steam sterilizers, low-temperature sterilizers (such as hydrogen peroxide, formaldehyde, and LTSF technologies), and industrial\/large-scale washing &amp; disinfection systems.<\/p><p>Matachana offers modular sterilization units that bring flexibility to facility layouts, while enhancing operator safety and sterilization efficiency.<\/p><p>With a strong R&amp;D capacity and robust technical service network, Matachana delivers reliable solutions to meet the sterilization needs of hospitals, laboratories, and pharmaceutical manufacturing facilities worldwide.<\/p>\t\t\t\t\t\t\t\t<\/div>\n\t\t\t\t<\/div>\n\t\t\t\t<div class=\"elementor-element elementor-element-05e06ab elementor-widget elementor-widget-heading\" data-id=\"05e06ab\" data-element_type=\"widget\" data-widget_type=\"heading.default\">\n\t\t\t\t<div class=\"elementor-widget-container\">\n\t\t\t\t\t<h2 class=\"elementor-heading-title elementor-size-default\">Matachana Equipment Groups<\/h2>\t\t\t\t<\/div>\n\t\t\t\t<\/div>\n\t\t\t\t<div class=\"elementor-element elementor-element-4f22d4a8 elementor-icon-list--layout-traditional elementor-list-item-link-full_width elementor-widget elementor-widget-icon-list\" data-id=\"4f22d4a8\" data-element_type=\"widget\" data-widget_type=\"icon-list.default\">\n\t\t\t\t<div class=\"elementor-widget-container\">\n\t\t\t\t\t\t\t<ul class=\"elementor-icon-list-items\">\n\t\t\t\t\t\t\t<li class=\"elementor-icon-list-item\">\n\t\t\t\t\t\t\t\t\t\t\t<span class=\"elementor-icon-list-icon\">\n\t\t\t\t\t\t\t<svg aria-hidden=\"true\" class=\"e-font-icon-svg e-fas-plus\" viewBox=\"0 0 448 512\" xmlns=\"http:\/\/www.w3.org\/2000\/svg\"><path d=\"M416 208H272V64c0-17.67-14.33-32-32-32h-32c-17.67 0-32 14.33-32 32v144H32c-17.67 0-32 14.33-32 32v32c0 17.67 14.33 32 32 32h144v144c0 17.67 14.33 32 32 32h32c17.67 0 32-14.33 32-32V304h144c17.67 0 32-14.33 32-32v-32c0-17.67-14.33-32-32-32z\"><\/path><\/svg>\t\t\t\t\t\t<\/span>\n\t\t\t\t\t\t\t\t\t\t<span class=\"elementor-icon-list-text\">Steam Sterilizers<\/span>\n\t\t\t\t\t\t\t\t\t<\/li>\n\t\t\t\t\t\t\t\t<li class=\"elementor-icon-list-item\">\n\t\t\t\t\t\t\t\t\t\t\t<span class=\"elementor-icon-list-icon\">\n\t\t\t\t\t\t\t<svg aria-hidden=\"true\" class=\"e-font-icon-svg e-fas-plus\" viewBox=\"0 0 448 512\" xmlns=\"http:\/\/www.w3.org\/2000\/svg\"><path d=\"M416 208H272V64c0-17.67-14.33-32-32-32h-32c-17.67 0-32 14.33-32 32v144H32c-17.67 0-32 14.33-32 32v32c0 17.67 14.33 32 32 32h144v144c0 17.67 14.33 32 32 32h32c17.67 0 32-14.33 32-32V304h144c17.67 0 32-14.33 32-32v-32c0-17.67-14.33-32-32-32z\"><\/path><\/svg>\t\t\t\t\t\t<\/span>\n\t\t\t\t\t\t\t\t\t\t<span class=\"elementor-icon-list-text\">Pure Steam Generators<\/span>\n\t\t\t\t\t\t\t\t\t<\/li>\n\t\t\t\t\t\t<\/ul>\n\t\t\t\t\t\t<\/div>\n\t\t\t\t<\/div>\n\t\t\t\t<div class=\"elementor-element elementor-element-7f047cc elementor-widget elementor-widget-text-editor\" data-id=\"7f047cc\" data-element_type=\"widget\" data-widget_type=\"text-editor.default\">\n\t\t\t\t<div class=\"elementor-widget-container\">\n\t\t\t\t\t\t\t\t\t<p><a title=\"Contact\" href=\"https:\/\/temacons.com\/en\/contact\/\">Please contact us for detailed information.<\/a><\/p>\t\t\t\t\t\t\t\t<\/div>\n\t\t\t\t<\/div>\n\t\t\t\t\t<\/div>\n\t\t<\/div>\n\t\t\t\t\t<\/div>\n\t\t<\/section>\n\t\t\t\t<section class=\"elementor-section elementor-top-section elementor-element elementor-element-08ba8e4 elementor-section-boxed elementor-section-height-default elementor-section-height-default\" data-id=\"08ba8e4\" data-element_type=\"section\">\n\t\t\t\t\t\t<div class=\"elementor-container elementor-column-gap-default\">\n\t\t\t\t\t<div class=\"elementor-column elementor-col-100 elementor-top-column elementor-element elementor-element-921bb5a\" data-id=\"921bb5a\" data-element_type=\"column\">\n\t\t\t<div class=\"elementor-widget-wrap elementor-element-populated\">\n\t\t\t\t\t\t<div class=\"elementor-element elementor-element-b00f865 elementor-widget elementor-widget-heading\" data-id=\"b00f865\" data-element_type=\"widget\" data-widget_type=\"heading.default\">\n\t\t\t\t<div class=\"elementor-widget-container\">\n\t\t\t\t\t<h2 class=\"elementor-heading-title elementor-size-default\">Matachana EQUIPMENT GROUP<\/h2>\t\t\t\t<\/div>\n\t\t\t\t<\/div>\n\t\t\t\t<section class=\"elementor-section elementor-inner-section elementor-element elementor-element-33a4402 elementor-section-boxed elementor-section-height-default elementor-section-height-default\" data-id=\"33a4402\" data-element_type=\"section\">\n\t\t\t\t\t\t<div class=\"elementor-container elementor-column-gap-default\">\n\t\t\t\t\t<div class=\"elementor-column elementor-col-33 elementor-inner-column elementor-element elementor-element-af52365 elementor-invisible\" data-id=\"af52365\" data-element_type=\"column\" data-settings=\"{&quot;animation&quot;:&quot;fadeInUp&quot;}\">\n\t\t\t<div class=\"elementor-widget-wrap elementor-element-populated\">\n\t\t\t\t\t\t<div class=\"elementor-element elementor-element-22f9677 elementor-widget elementor-widget-image\" data-id=\"22f9677\" data-element_type=\"widget\" data-settings=\"{&quot;_animation&quot;:&quot;none&quot;}\" data-widget_type=\"image.default\">\n\t\t\t\t<div class=\"elementor-widget-container\">\n\t\t\t\t\t\t\t\t\t\t\t\t\t\t\t\t<a href=\"https:\/\/temacons.com\/wp-content\/uploads\/2022\/06\/Temacons-markalar-Matachana-Urunler-1.-Dikey-Farma-Sterilizator-Vertical-Pharma-Sterilizer-min.png\" data-elementor-open-lightbox=\"yes\" data-elementor-lightbox-title=\"Temacons-markalar-Matachana-\u00dcr\u00fcnler-1. Dikey Farma Sterilizat\u00f6r - Vertical Pharma Sterilizer-min\" data-elementor-lightbox-description=\"Temacons-markalar-Matachana-\u00dcr\u00fcnler-1. Dikey Farma Sterilizat\u00f6r - Vertical Pharma Sterilizer\" data-e-action-hash=\"#elementor-action%3Aaction%3Dlightbox%26settings%3DeyJpZCI6NTI1MCwidXJsIjoiaHR0cHM6XC9cL3RlbWFjb25zLmNvbVwvd3AtY29udGVudFwvdXBsb2Fkc1wvMjAyMlwvMDZcL1RlbWFjb25zLW1hcmthbGFyLU1hdGFjaGFuYS1VcnVubGVyLTEuLURpa2V5LUZhcm1hLVN0ZXJpbGl6YXRvci1WZXJ0aWNhbC1QaGFybWEtU3RlcmlsaXplci1taW4ucG5nIn0%3D\">\n\t\t\t\t\t\t\t<img decoding=\"async\" width=\"800\" height=\"800\" src=\"https:\/\/temacons.com\/wp-content\/uploads\/2022\/06\/Temacons-markalar-Matachana-Urunler-1.-Dikey-Farma-Sterilizator-Vertical-Pharma-Sterilizer-min.png\" class=\"attachment-full size-full wp-image-5250\" alt=\"Temacons-markalar-Matachana-\u00dcr\u00fcnler-1. Dikey Farma Sterilizat\u00f6r - Vertical Pharma Sterilizer\" srcset=\"https:\/\/temacons.com\/wp-content\/uploads\/2022\/06\/Temacons-markalar-Matachana-Urunler-1.-Dikey-Farma-Sterilizator-Vertical-Pharma-Sterilizer-min.png 800w, https:\/\/temacons.com\/wp-content\/uploads\/2022\/06\/Temacons-markalar-Matachana-Urunler-1.-Dikey-Farma-Sterilizator-Vertical-Pharma-Sterilizer-min-300x300.png 300w, https:\/\/temacons.com\/wp-content\/uploads\/2022\/06\/Temacons-markalar-Matachana-Urunler-1.-Dikey-Farma-Sterilizator-Vertical-Pharma-Sterilizer-min-150x150.png 150w, https:\/\/temacons.com\/wp-content\/uploads\/2022\/06\/Temacons-markalar-Matachana-Urunler-1.-Dikey-Farma-Sterilizator-Vertical-Pharma-Sterilizer-min-768x768.png 768w\" sizes=\"(max-width: 800px) 100vw, 800px\" \/>\t\t\t\t\t\t\t\t<\/a>\n\t\t\t\t\t\t\t\t\t\t\t\t\t\t\t<\/div>\n\t\t\t\t<\/div>\n\t\t\t\t<div class=\"elementor-element elementor-element-4d596b8 elementor-widget elementor-widget-heading\" data-id=\"4d596b8\" data-element_type=\"widget\" data-widget_type=\"heading.default\">\n\t\t\t\t<div class=\"elementor-widget-container\">\n\t\t\t\t\t<h2 class=\"elementor-heading-title elementor-size-default\">VERTICAL PHARMA STERILIZER<\/h2>\t\t\t\t<\/div>\n\t\t\t\t<\/div>\n\t\t\t\t\t<\/div>\n\t\t<\/div>\n\t\t\t\t<div class=\"elementor-column elementor-col-33 elementor-inner-column elementor-element elementor-element-096a7ac elementor-invisible\" data-id=\"096a7ac\" data-element_type=\"column\" data-settings=\"{&quot;animation&quot;:&quot;fadeInUp&quot;}\">\n\t\t\t<div class=\"elementor-widget-wrap elementor-element-populated\">\n\t\t\t\t\t\t<div class=\"elementor-element elementor-element-7056d46 elementor-widget elementor-widget-image\" data-id=\"7056d46\" data-element_type=\"widget\" data-settings=\"{&quot;_animation&quot;:&quot;none&quot;}\" data-widget_type=\"image.default\">\n\t\t\t\t<div class=\"elementor-widget-container\">\n\t\t\t\t\t\t\t\t\t\t\t\t\t\t\t\t<a href=\"https:\/\/temacons.com\/wp-content\/uploads\/2022\/06\/Temacons-markalar-Matachana-Urunler-2.-Yatay-Farma-Sterilizator-Horizontal-Pharma-Sterilizer-min.png\" data-elementor-open-lightbox=\"yes\" data-elementor-lightbox-title=\"Temacons-markalar-Matachana-\u00dcr\u00fcnler-2. Yatay Farma Sterilizat\u00f6r - Horizontal Pharma Sterilizer-min\" data-elementor-lightbox-description=\"Temacons-markalar-Matachana-\u00dcr\u00fcnler-1. Dikey Farma Sterilizat\u00f6r - Vertical Pharma Sterilizer\" data-e-action-hash=\"#elementor-action%3Aaction%3Dlightbox%26settings%3DeyJpZCI6NTI1MiwidXJsIjoiaHR0cHM6XC9cL3RlbWFjb25zLmNvbVwvd3AtY29udGVudFwvdXBsb2Fkc1wvMjAyMlwvMDZcL1RlbWFjb25zLW1hcmthbGFyLU1hdGFjaGFuYS1VcnVubGVyLTIuLVlhdGF5LUZhcm1hLVN0ZXJpbGl6YXRvci1Ib3Jpem9udGFsLVBoYXJtYS1TdGVyaWxpemVyLW1pbi5wbmcifQ%3D%3D\">\n\t\t\t\t\t\t\t<img decoding=\"async\" width=\"800\" height=\"800\" src=\"https:\/\/temacons.com\/wp-content\/uploads\/2022\/06\/Temacons-markalar-Matachana-Urunler-2.-Yatay-Farma-Sterilizator-Horizontal-Pharma-Sterilizer-min.png\" class=\"attachment-full size-full wp-image-5252\" alt=\"Temacons-markalar-Matachana-\u00dcr\u00fcnler-1. Dikey Farma Sterilizat\u00f6r - Vertical Pharma Sterilizer\" srcset=\"https:\/\/temacons.com\/wp-content\/uploads\/2022\/06\/Temacons-markalar-Matachana-Urunler-2.-Yatay-Farma-Sterilizator-Horizontal-Pharma-Sterilizer-min.png 800w, https:\/\/temacons.com\/wp-content\/uploads\/2022\/06\/Temacons-markalar-Matachana-Urunler-2.-Yatay-Farma-Sterilizator-Horizontal-Pharma-Sterilizer-min-300x300.png 300w, https:\/\/temacons.com\/wp-content\/uploads\/2022\/06\/Temacons-markalar-Matachana-Urunler-2.-Yatay-Farma-Sterilizator-Horizontal-Pharma-Sterilizer-min-150x150.png 150w, https:\/\/temacons.com\/wp-content\/uploads\/2022\/06\/Temacons-markalar-Matachana-Urunler-2.-Yatay-Farma-Sterilizator-Horizontal-Pharma-Sterilizer-min-768x768.png 768w\" sizes=\"(max-width: 800px) 100vw, 800px\" \/>\t\t\t\t\t\t\t\t<\/a>\n\t\t\t\t\t\t\t\t\t\t\t\t\t\t\t<\/div>\n\t\t\t\t<\/div>\n\t\t\t\t<div class=\"elementor-element elementor-element-aa6267a elementor-widget elementor-widget-heading\" data-id=\"aa6267a\" data-element_type=\"widget\" data-widget_type=\"heading.default\">\n\t\t\t\t<div class=\"elementor-widget-container\">\n\t\t\t\t\t<h2 class=\"elementor-heading-title elementor-size-default\">HORIZONTAL PHARMA STERILIZER<\/h2>\t\t\t\t<\/div>\n\t\t\t\t<\/div>\n\t\t\t\t\t<\/div>\n\t\t<\/div>\n\t\t\t\t<div class=\"elementor-column elementor-col-33 elementor-inner-column elementor-element elementor-element-5044ff1 elementor-invisible\" data-id=\"5044ff1\" data-element_type=\"column\" data-settings=\"{&quot;animation&quot;:&quot;fadeInUp&quot;}\">\n\t\t\t<div class=\"elementor-widget-wrap elementor-element-populated\">\n\t\t\t\t\t\t<div class=\"elementor-element elementor-element-43d1837 elementor-widget elementor-widget-image\" data-id=\"43d1837\" data-element_type=\"widget\" data-settings=\"{&quot;_animation&quot;:&quot;none&quot;}\" data-widget_type=\"image.default\">\n\t\t\t\t<div class=\"elementor-widget-container\">\n\t\t\t\t\t\t\t\t\t\t\t\t\t\t\t\t<a href=\"https:\/\/temacons.com\/wp-content\/uploads\/2022\/06\/Temacons-markalar-Matachana-Urunler-3.-Buhar-Jeneratoru-Steam-Generator-min.png\" data-elementor-open-lightbox=\"yes\" data-elementor-lightbox-title=\"Temacons-markalar-Matachana-\u00dcr\u00fcnler- 3. Buhar Jenerat\u00f6r\u00fc - Steam Generator-min\" data-elementor-lightbox-description=\"Temacons-markalar-Matachana-\u00dcr\u00fcnler-1. Dikey Farma Sterilizat\u00f6r - Vertical Pharma Sterilizer\" data-e-action-hash=\"#elementor-action%3Aaction%3Dlightbox%26settings%3DeyJpZCI6NTI1NCwidXJsIjoiaHR0cHM6XC9cL3RlbWFjb25zLmNvbVwvd3AtY29udGVudFwvdXBsb2Fkc1wvMjAyMlwvMDZcL1RlbWFjb25zLW1hcmthbGFyLU1hdGFjaGFuYS1VcnVubGVyLTMuLUJ1aGFyLUplbmVyYXRvcnUtU3RlYW0tR2VuZXJhdG9yLW1pbi5wbmcifQ%3D%3D\">\n\t\t\t\t\t\t\t<img loading=\"lazy\" decoding=\"async\" width=\"800\" height=\"800\" src=\"https:\/\/temacons.com\/wp-content\/uploads\/2022\/06\/Temacons-markalar-Matachana-Urunler-3.-Buhar-Jeneratoru-Steam-Generator-min.png\" class=\"attachment-full size-full wp-image-5254\" alt=\"Temacons-markalar-Matachana-\u00dcr\u00fcnler-1. Dikey Farma Sterilizat\u00f6r - Vertical Pharma Sterilizer\" srcset=\"https:\/\/temacons.com\/wp-content\/uploads\/2022\/06\/Temacons-markalar-Matachana-Urunler-3.-Buhar-Jeneratoru-Steam-Generator-min.png 800w, https:\/\/temacons.com\/wp-content\/uploads\/2022\/06\/Temacons-markalar-Matachana-Urunler-3.-Buhar-Jeneratoru-Steam-Generator-min-300x300.png 300w, https:\/\/temacons.com\/wp-content\/uploads\/2022\/06\/Temacons-markalar-Matachana-Urunler-3.-Buhar-Jeneratoru-Steam-Generator-min-150x150.png 150w, https:\/\/temacons.com\/wp-content\/uploads\/2022\/06\/Temacons-markalar-Matachana-Urunler-3.-Buhar-Jeneratoru-Steam-Generator-min-768x768.png 768w\" sizes=\"(max-width: 800px) 100vw, 800px\" \/>\t\t\t\t\t\t\t\t<\/a>\n\t\t\t\t\t\t\t\t\t\t\t\t\t\t\t<\/div>\n\t\t\t\t<\/div>\n\t\t\t\t<div class=\"elementor-element elementor-element-c4552da elementor-widget elementor-widget-heading\" data-id=\"c4552da\" data-element_type=\"widget\" data-widget_type=\"heading.default\">\n\t\t\t\t<div class=\"elementor-widget-container\">\n\t\t\t\t\t<h2 class=\"elementor-heading-title elementor-size-default\">STEAM GENERATOR<\/h2>\t\t\t\t<\/div>\n\t\t\t\t<\/div>\n\t\t\t\t\t<\/div>\n\t\t<\/div>\n\t\t\t\t\t<\/div>\n\t\t<\/section>\n\t\t\t\t<div class=\"elementor-element elementor-element-d475a97 elementor-widget elementor-widget-text-editor\" data-id=\"d475a97\" data-element_type=\"widget\" data-widget_type=\"text-editor.default\">\n\t\t\t\t<div class=\"elementor-widget-container\">\n\t\t\t\t\t\t\t\t\t<p><a href=\"https:\/\/www.matachana.com\/en\/ \" target=\"_blank\" rel=\"noopener\">www.matachana.com<\/a><\/p>\t\t\t\t\t\t\t\t<\/div>\n\t\t\t\t<\/div>\n\t\t\t\t\t<\/div>\n\t\t<\/div>\n\t\t\t\t\t<\/div>\n\t\t<\/section>\n\t\t\t\t<section class=\"elementor-section elementor-top-section elementor-element elementor-element-65253c7 elementor-section-boxed elementor-section-height-default elementor-section-height-default\" data-id=\"65253c7\" data-element_type=\"section\">\n\t\t\t\t\t\t<div class=\"elementor-container elementor-column-gap-default\">\n\t\t\t\t\t<div class=\"elementor-column elementor-col-50 elementor-top-column elementor-element elementor-element-f005d1e\" data-id=\"f005d1e\" data-element_type=\"column\">\n\t\t\t<div class=\"elementor-widget-wrap elementor-element-populated\">\n\t\t\t\t\t\t<div class=\"elementor-element elementor-element-2b6a631 elementor-cta--layout-image-left elementor-cta--skin-classic elementor-animated-content elementor-bg-transform elementor-bg-transform-zoom-in elementor-widget elementor-widget-call-to-action\" data-id=\"2b6a631\" data-element_type=\"widget\" data-widget_type=\"call-to-action.default\">\n\t\t\t\t<div class=\"elementor-widget-container\">\n\t\t\t\t\t\t\t<div class=\"elementor-cta\">\n\t\t\t\t\t<div class=\"elementor-cta__bg-wrapper\">\n\t\t\t\t<div class=\"elementor-cta__bg elementor-bg\" style=\"background-image: url(https:\/\/temacons.com\/wp-content\/uploads\/2025\/09\/optima.png);\" role=\"img\" aria-label=\"optima\"><\/div>\n\t\t\t\t<div class=\"elementor-cta__bg-overlay\"><\/div>\n\t\t\t<\/div>\n\t\t\t\t\t\t\t<div class=\"elementor-cta__content\">\n\t\t\t\t\n\t\t\t\t\t\t\t\t\t<h2 class=\"elementor-cta__title elementor-cta__content-item elementor-content-item\">\n\t\t\t\t\t\tRecommended Product Group\t\t\t\t\t<\/h2>\n\t\t\t\t\n\t\t\t\t\n\t\t\t\t\t\t\t\t\t<div class=\"elementor-cta__button-wrapper elementor-cta__content-item elementor-content-item \">\n\t\t\t\t\t<a class=\"elementor-cta__button elementor-button elementor-size-\" href=\"https:\/\/temacons.com\/en\/our-partners\/optima\/\">\n\t\t\t\t\t\tMore Info\t\t\t\t\t<\/a>\n\t\t\t\t\t<\/div>\n\t\t\t\t\t\t\t<\/div>\n\t\t\t\t\t\t<\/div>\n\t\t\t\t\t\t<\/div>\n\t\t\t\t<\/div>\n\t\t\t\t\t<\/div>\n\t\t<\/div>\n\t\t\t\t<div class=\"elementor-column elementor-col-50 elementor-top-column elementor-element elementor-element-c83496b\" data-id=\"c83496b\" data-element_type=\"column\">\n\t\t\t<div class=\"elementor-widget-wrap elementor-element-populated\">\n\t\t\t\t\t\t<div class=\"elementor-element elementor-element-020569b elementor-cta--layout-image-right elementor-cta--skin-classic elementor-animated-content elementor-bg-transform elementor-bg-transform-zoom-in elementor-widget elementor-widget-call-to-action\" data-id=\"020569b\" data-element_type=\"widget\" data-widget_type=\"call-to-action.default\">\n\t\t\t\t<div class=\"elementor-widget-container\">\n\t\t\t\t\t\t\t<div class=\"elementor-cta\">\n\t\t\t\t\t<div class=\"elementor-cta__bg-wrapper\">\n\t\t\t\t<div class=\"elementor-cta__bg elementor-bg\" style=\"background-image: url(https:\/\/temacons.com\/wp-content\/uploads\/2021\/02\/waldner.png);\" role=\"img\" aria-label=\"Temacons Markalar firmalar Waldner\"><\/div>\n\t\t\t\t<div class=\"elementor-cta__bg-overlay\"><\/div>\n\t\t\t<\/div>\n\t\t\t\t\t\t\t<div class=\"elementor-cta__content\">\n\t\t\t\t\n\t\t\t\t\t\t\t\t\t<h2 class=\"elementor-cta__title elementor-cta__content-item elementor-content-item\">\n\t\t\t\t\t\tRecommended Product Group\t\t\t\t\t<\/h2>\n\t\t\t\t\n\t\t\t\t\n\t\t\t\t\t\t\t\t\t<div class=\"elementor-cta__button-wrapper elementor-cta__content-item elementor-content-item \">\n\t\t\t\t\t<a class=\"elementor-cta__button elementor-button elementor-size-\" href=\"https:\/\/temacons.com\/en\/our-partners\/waldner\/\">\n\t\t\t\t\t\tClick Here\t\t\t\t\t<\/a>\n\t\t\t\t\t<\/div>\n\t\t\t\t\t\t\t<\/div>\n\t\t\t\t\t\t<\/div>\n\t\t\t\t\t\t<\/div>\n\t\t\t\t<\/div>\n\t\t\t\t\t<\/div>\n\t\t<\/div>\n\t\t\t\t\t<\/div>\n\t\t<\/section>\n\t\t\t\t<\/div>\n\t\t","protected":false},"excerpt":{"rendered":"<p>Matachana Base in Spain, Matachana is a family-owned company with over 60 years of experience, having established four manufacturing facilities across Europe and expanded its presence to more than 120 countries. Matachana, a global leader in the production of horizontal and vertical autoclaves, low-temperature sterilization technologies, washing, and thermo-disinfection equipment, provides comprehensive solutions for the [&hellip;]<\/p>\n","protected":false},"author":2,"featured_media":5245,"parent":5032,"menu_order":0,"comment_status":"closed","ping_status":"closed","template":"","meta":{"footnotes":""},"categories":[46],"tags":[],"class_list":["post-5410","page","type-page","status-publish","has-post-thumbnail","hentry","category-markalar"],"_links":{"self":[{"href":"https:\/\/temacons.com\/en\/wp-json\/wp\/v2\/pages\/5410","targetHints":{"allow":["GET"]}}],"collection":[{"href":"https:\/\/temacons.com\/en\/wp-json\/wp\/v2\/pages"}],"about":[{"href":"https:\/\/temacons.com\/en\/wp-json\/wp\/v2\/types\/page"}],"author":[{"embeddable":true,"href":"https:\/\/temacons.com\/en\/wp-json\/wp\/v2\/users\/2"}],"replies":[{"embeddable":true,"href":"https:\/\/temacons.com\/en\/wp-json\/wp\/v2\/comments?post=5410"}],"version-history":[{"count":31,"href":"https:\/\/temacons.com\/en\/wp-json\/wp\/v2\/pages\/5410\/revisions"}],"predecessor-version":[{"id":9865,"href":"https:\/\/temacons.com\/en\/wp-json\/wp\/v2\/pages\/5410\/revisions\/9865"}],"up":[{"embeddable":true,"href":"https:\/\/temacons.com\/en\/wp-json\/wp\/v2\/pages\/5032"}],"wp:featuredmedia":[{"embeddable":true,"href":"https:\/\/temacons.com\/en\/wp-json\/wp\/v2\/media\/5245"}],"wp:attachment":[{"href":"https:\/\/temacons.com\/en\/wp-json\/wp\/v2\/media?parent=5410"}],"wp:term":[{"taxonomy":"category","embeddable":true,"href":"https:\/\/temacons.com\/en\/wp-json\/wp\/v2\/categories?post=5410"},{"taxonomy":"post_tag","embeddable":true,"href":"https:\/\/temacons.com\/en\/wp-json\/wp\/v2\/tags?post=5410"}],"curies":[{"name":"wp","href":"https:\/\/api.w.org\/{rel}","templated":true}]}}