{"id":5442,"date":"2022-06-24T10:46:05","date_gmt":"2022-06-24T07:46:05","guid":{"rendered":"https:\/\/temacons.com\/our-partners\/pruess\/"},"modified":"2026-02-16T17:33:46","modified_gmt":"2026-02-16T14:33:46","slug":"pruess","status":"publish","type":"page","link":"https:\/\/temacons.com\/en\/our-partners\/pruess\/","title":{"rendered":"PRUESS"},"content":{"rendered":"\t\t<div data-elementor-type=\"wp-page\" data-elementor-id=\"5442\" class=\"elementor elementor-5442 elementor-5262\" data-elementor-settings=\"{&quot;element_pack_global_tooltip_width&quot;:{&quot;unit&quot;:&quot;px&quot;,&quot;size&quot;:&quot;&quot;,&quot;sizes&quot;:[]},&quot;element_pack_global_tooltip_width_tablet&quot;:{&quot;unit&quot;:&quot;px&quot;,&quot;size&quot;:&quot;&quot;,&quot;sizes&quot;:[]},&quot;element_pack_global_tooltip_width_mobile&quot;:{&quot;unit&quot;:&quot;px&quot;,&quot;size&quot;:&quot;&quot;,&quot;sizes&quot;:[]},&quot;element_pack_global_tooltip_padding&quot;:{&quot;unit&quot;:&quot;px&quot;,&quot;top&quot;:&quot;&quot;,&quot;right&quot;:&quot;&quot;,&quot;bottom&quot;:&quot;&quot;,&quot;left&quot;:&quot;&quot;,&quot;isLinked&quot;:true},&quot;element_pack_global_tooltip_padding_tablet&quot;:{&quot;unit&quot;:&quot;px&quot;,&quot;top&quot;:&quot;&quot;,&quot;right&quot;:&quot;&quot;,&quot;bottom&quot;:&quot;&quot;,&quot;left&quot;:&quot;&quot;,&quot;isLinked&quot;:true},&quot;element_pack_global_tooltip_padding_mobile&quot;:{&quot;unit&quot;:&quot;px&quot;,&quot;top&quot;:&quot;&quot;,&quot;right&quot;:&quot;&quot;,&quot;bottom&quot;:&quot;&quot;,&quot;left&quot;:&quot;&quot;,&quot;isLinked&quot;:true},&quot;element_pack_global_tooltip_border_radius&quot;:{&quot;unit&quot;:&quot;px&quot;,&quot;top&quot;:&quot;&quot;,&quot;right&quot;:&quot;&quot;,&quot;bottom&quot;:&quot;&quot;,&quot;left&quot;:&quot;&quot;,&quot;isLinked&quot;:true},&quot;element_pack_global_tooltip_border_radius_tablet&quot;:{&quot;unit&quot;:&quot;px&quot;,&quot;top&quot;:&quot;&quot;,&quot;right&quot;:&quot;&quot;,&quot;bottom&quot;:&quot;&quot;,&quot;left&quot;:&quot;&quot;,&quot;isLinked&quot;:true},&quot;element_pack_global_tooltip_border_radius_mobile&quot;:{&quot;unit&quot;:&quot;px&quot;,&quot;top&quot;:&quot;&quot;,&quot;right&quot;:&quot;&quot;,&quot;bottom&quot;:&quot;&quot;,&quot;left&quot;:&quot;&quot;,&quot;isLinked&quot;:true}}\" data-elementor-post-type=\"page\">\n\t\t\t\t\t\t<section class=\"elementor-section elementor-top-section elementor-element elementor-element-daa466e elementor-section-content-middle elementor-section-boxed elementor-section-height-default elementor-section-height-default\" data-id=\"daa466e\" data-element_type=\"section\">\n\t\t\t\t\t\t<div class=\"elementor-container elementor-column-gap-wider\">\n\t\t\t\t\t<div class=\"elementor-column elementor-col-50 elementor-top-column elementor-element elementor-element-3873bb43 elementor-invisible\" data-id=\"3873bb43\" data-element_type=\"column\" data-settings=\"{&quot;animation&quot;:&quot;fadeInLeft&quot;}\">\n\t\t\t<div class=\"elementor-widget-wrap elementor-element-populated\">\n\t\t\t\t\t\t<div class=\"elementor-element elementor-element-fb13860 elementor-widget elementor-widget-image\" data-id=\"fb13860\" data-element_type=\"widget\" data-widget_type=\"image.default\">\n\t\t\t\t<div class=\"elementor-widget-container\">\n\t\t\t\t\t\t\t\t\t\t\t\t\t\t\t<img fetchpriority=\"high\" decoding=\"async\" width=\"500\" height=\"500\" src=\"https:\/\/temacons.com\/wp-content\/uploads\/2022\/06\/Temacons-Markalar-firma-Pruess-min.png\" class=\"attachment-full size-full wp-image-5265\" alt=\"\" srcset=\"https:\/\/temacons.com\/wp-content\/uploads\/2022\/06\/Temacons-Markalar-firma-Pruess-min.png 500w, https:\/\/temacons.com\/wp-content\/uploads\/2022\/06\/Temacons-Markalar-firma-Pruess-min-300x300.png 300w, https:\/\/temacons.com\/wp-content\/uploads\/2022\/06\/Temacons-Markalar-firma-Pruess-min-150x150.png 150w\" sizes=\"(max-width: 500px) 100vw, 500px\" \/>\t\t\t\t\t\t\t\t\t\t\t\t\t\t\t<\/div>\n\t\t\t\t<\/div>\n\t\t\t\t\t<\/div>\n\t\t<\/div>\n\t\t\t\t<div class=\"elementor-column elementor-col-50 elementor-top-column elementor-element elementor-element-54022fe0 elementor-invisible\" data-id=\"54022fe0\" data-element_type=\"column\" data-settings=\"{&quot;animation&quot;:&quot;fadeInRight&quot;}\">\n\t\t\t<div class=\"elementor-widget-wrap elementor-element-populated\">\n\t\t\t\t\t\t<div class=\"elementor-element elementor-element-aefcb86 elementor-widget elementor-widget-heading\" data-id=\"aefcb86\" data-element_type=\"widget\" data-widget_type=\"heading.default\">\n\t\t\t\t<div class=\"elementor-widget-container\">\n\t\t\t\t\t<h1 class=\"elementor-heading-title elementor-size-default\">Pruess<\/h1>\t\t\t\t<\/div>\n\t\t\t\t<\/div>\n\t\t\t\t<div class=\"elementor-element elementor-element-5d443a7f elementor-widget elementor-widget-text-editor\" data-id=\"5d443a7f\" data-element_type=\"widget\" data-widget_type=\"text-editor.default\">\n\t\t\t\t<div class=\"elementor-widget-container\">\n\t\t\t\t\t\t\t\t\t<p>Pruess GmbH, tesis m\u00fchendisli\u011fi ve ekstraksiyon teknolojisinde 40 y\u0131ll\u0131k deneyime sahiptir ve termal s\u00fcre\u00e7 m\u00fchendisli\u011fine odaklanan farmas\u00f6tik ve g\u0131da end\u00fcstrisi i\u00e7in \u00e7ok say\u0131da proje uygulam\u0131\u015ft\u0131r.<\/p><p>Farmas\u00f6tik ve g\u0131da \u015firketlerinin \u00e7ay veya petrol tohumu gibi ila\u00e7lar\u0131n veya g\u0131dalar\u0131n \u00fcretiminde kar\u015f\u0131la\u015ft\u0131\u011f\u0131 zorluklar, Pruess GmbH proje y\u00f6neticileri ve m\u00fchendisleri taraf\u0131ndan iyi bilinmektedir. \u00dcr\u00fcnlerin kalitesi ve g\u00fcvenli\u011fi ile ilgili y\u00fcksek talep, AB ve FDA standartlar\u0131na uyumluluk, standart \u00e7\u00f6z\u00fcmlerin yeterli olmad\u0131\u011f\u0131 durumlarda \u00f6zel \u00e7\u00f6z\u00fcmler sa\u011flar. Pruess GmbH tek bir kaynaktan \u00f6zel, ucuz ve en y\u00fcksek i\u015flevsellik sunar.<\/p>\t\t\t\t\t\t\t\t<\/div>\n\t\t\t\t<\/div>\n\t\t\t\t<div class=\"elementor-element elementor-element-05e06ab elementor-widget elementor-widget-heading\" data-id=\"05e06ab\" data-element_type=\"widget\" data-widget_type=\"heading.default\">\n\t\t\t\t<div class=\"elementor-widget-container\">\n\t\t\t\t\t<h2 class=\"elementor-heading-title elementor-size-default\">Pruess Ekipman Grubu<br><\/h2>\t\t\t\t<\/div>\n\t\t\t\t<\/div>\n\t\t\t\t<div class=\"elementor-element elementor-element-4f22d4a8 elementor-icon-list--layout-traditional elementor-list-item-link-full_width elementor-widget elementor-widget-icon-list\" data-id=\"4f22d4a8\" data-element_type=\"widget\" data-widget_type=\"icon-list.default\">\n\t\t\t\t<div class=\"elementor-widget-container\">\n\t\t\t\t\t\t\t<ul class=\"elementor-icon-list-items\">\n\t\t\t\t\t\t\t<li class=\"elementor-icon-list-item\">\n\t\t\t\t\t\t\t\t\t\t\t<span class=\"elementor-icon-list-icon\">\n\t\t\t\t\t\t\t<svg aria-hidden=\"true\" class=\"e-font-icon-svg e-fas-plus\" viewBox=\"0 0 448 512\" xmlns=\"http:\/\/www.w3.org\/2000\/svg\"><path d=\"M416 208H272V64c0-17.67-14.33-32-32-32h-32c-17.67 0-32 14.33-32 32v144H32c-17.67 0-32 14.33-32 32v32c0 17.67 14.33 32 32 32h144v144c0 17.67 14.33 32 32 32h32c17.67 0 32-14.33 32-32V304h144c17.67 0 32-14.33 32-32v-32c0-17.67-14.33-32-32-32z\"><\/path><\/svg>\t\t\t\t\t\t<\/span>\n\t\t\t\t\t\t\t\t\t\t<span class=\"elementor-icon-list-text\">Ekstraksiyon sistemleri<\/span>\n\t\t\t\t\t\t\t\t\t<\/li>\n\t\t\t\t\t\t\t\t<li class=\"elementor-icon-list-item\">\n\t\t\t\t\t\t\t\t\t\t\t<span class=\"elementor-icon-list-icon\">\n\t\t\t\t\t\t\t<svg aria-hidden=\"true\" class=\"e-font-icon-svg e-fas-plus\" viewBox=\"0 0 448 512\" xmlns=\"http:\/\/www.w3.org\/2000\/svg\"><path d=\"M416 208H272V64c0-17.67-14.33-32-32-32h-32c-17.67 0-32 14.33-32 32v144H32c-17.67 0-32 14.33-32 32v32c0 17.67 14.33 32 32 32h144v144c0 17.67 14.33 32 32 32h32c17.67 0 32-14.33 32-32V304h144c17.67 0 32-14.33 32-32v-32c0-17.67-14.33-32-32-32z\"><\/path><\/svg>\t\t\t\t\t\t<\/span>\n\t\t\t\t\t\t\t\t\t\t<span class=\"elementor-icon-list-text\">\u00c7\u00f6zelti haz\u0131rlama sistemleri<\/span>\n\t\t\t\t\t\t\t\t\t<\/li>\n\t\t\t\t\t\t\t\t<li class=\"elementor-icon-list-item\">\n\t\t\t\t\t\t\t\t\t\t\t<span class=\"elementor-icon-list-icon\">\n\t\t\t\t\t\t\t<svg aria-hidden=\"true\" class=\"e-font-icon-svg e-fas-plus\" viewBox=\"0 0 448 512\" xmlns=\"http:\/\/www.w3.org\/2000\/svg\"><path d=\"M416 208H272V64c0-17.67-14.33-32-32-32h-32c-17.67 0-32 14.33-32 32v144H32c-17.67 0-32 14.33-32 32v32c0 17.67 14.33 32 32 32h144v144c0 17.67 14.33 32 32 32h32c17.67 0 32-14.33 32-32V304h144c17.67 0 32-14.33 32-32v-32c0-17.67-14.33-32-32-32z\"><\/path><\/svg>\t\t\t\t\t\t<\/span>\n\t\t\t\t\t\t\t\t\t\t<span class=\"elementor-icon-list-text\">CIP\/SIP<\/span>\n\t\t\t\t\t\t\t\t\t<\/li>\n\t\t\t\t\t\t\t\t<li class=\"elementor-icon-list-item\">\n\t\t\t\t\t\t\t\t\t\t\t<span class=\"elementor-icon-list-icon\">\n\t\t\t\t\t\t\t<svg aria-hidden=\"true\" class=\"e-font-icon-svg e-fas-plus\" viewBox=\"0 0 448 512\" xmlns=\"http:\/\/www.w3.org\/2000\/svg\"><path d=\"M416 208H272V64c0-17.67-14.33-32-32-32h-32c-17.67 0-32 14.33-32 32v144H32c-17.67 0-32 14.33-32 32v32c0 17.67 14.33 32 32 32h144v144c0 17.67 14.33 32 32 32h32c17.67 0 32-14.33 32-32V304h144c17.67 0 32-14.33 32-32v-32c0-17.67-14.33-32-32-32z\"><\/path><\/svg>\t\t\t\t\t\t<\/span>\n\t\t\t\t\t\t\t\t\t\t<span class=\"elementor-icon-list-text\">Buharla\u015ft\u0131rma<\/span>\n\t\t\t\t\t\t\t\t\t<\/li>\n\t\t\t\t\t\t\t\t<li class=\"elementor-icon-list-item\">\n\t\t\t\t\t\t\t\t\t\t\t<span class=\"elementor-icon-list-icon\">\n\t\t\t\t\t\t\t<svg aria-hidden=\"true\" class=\"e-font-icon-svg e-fas-plus\" viewBox=\"0 0 448 512\" xmlns=\"http:\/\/www.w3.org\/2000\/svg\"><path d=\"M416 208H272V64c0-17.67-14.33-32-32-32h-32c-17.67 0-32 14.33-32 32v144H32c-17.67 0-32 14.33-32 32v32c0 17.67 14.33 32 32 32h144v144c0 17.67 14.33 32 32 32h32c17.67 0 32-14.33 32-32V304h144c17.67 0 32-14.33 32-32v-32c0-17.67-14.33-32-32-32z\"><\/path><\/svg>\t\t\t\t\t\t<\/span>\n\t\t\t\t\t\t\t\t\t\t<span class=\"elementor-icon-list-text\">Termal Proses M\u00fchendisli\u011fi<\/span>\n\t\t\t\t\t\t\t\t\t<\/li>\n\t\t\t\t\t\t<\/ul>\n\t\t\t\t\t\t<\/div>\n\t\t\t\t<\/div>\n\t\t\t\t<div class=\"elementor-element elementor-element-7f047cc elementor-widget elementor-widget-text-editor\" data-id=\"7f047cc\" data-element_type=\"widget\" data-widget_type=\"text-editor.default\">\n\t\t\t\t<div class=\"elementor-widget-container\">\n\t\t\t\t\t\t\t\t\t<p><a href=\"https:\/\/temacons.com\/iletisim\/\">Daha detayl\u0131 bilgi i\u00e7in l\u00fctfen bizimle ileti\u015fim kurun.<\/a><\/p>\t\t\t\t\t\t\t\t<\/div>\n\t\t\t\t<\/div>\n\t\t\t\t\t<\/div>\n\t\t<\/div>\n\t\t\t\t\t<\/div>\n\t\t<\/section>\n\t\t\t\t<section class=\"elementor-section elementor-top-section elementor-element elementor-element-08ba8e4 elementor-section-boxed elementor-section-height-default elementor-section-height-default\" data-id=\"08ba8e4\" data-element_type=\"section\">\n\t\t\t\t\t\t<div class=\"elementor-container elementor-column-gap-default\">\n\t\t\t\t\t<div class=\"elementor-column elementor-col-100 elementor-top-column elementor-element elementor-element-921bb5a\" data-id=\"921bb5a\" data-element_type=\"column\">\n\t\t\t<div class=\"elementor-widget-wrap elementor-element-populated\">\n\t\t\t\t\t\t<div class=\"elementor-element elementor-element-b00f865 elementor-widget elementor-widget-heading\" data-id=\"b00f865\" data-element_type=\"widget\" data-widget_type=\"heading.default\">\n\t\t\t\t<div class=\"elementor-widget-container\">\n\t\t\t\t\t<h2 class=\"elementor-heading-title elementor-size-default\">PRUESS EK\u0130PMAN GRUBU<\/h2>\t\t\t\t<\/div>\n\t\t\t\t<\/div>\n\t\t\t\t<section class=\"elementor-section elementor-inner-section elementor-element elementor-element-33a4402 elementor-section-boxed elementor-section-height-default elementor-section-height-default\" data-id=\"33a4402\" data-element_type=\"section\">\n\t\t\t\t\t\t<div class=\"elementor-container elementor-column-gap-default\">\n\t\t\t\t\t<div class=\"elementor-column elementor-col-33 elementor-inner-column elementor-element elementor-element-af52365 elementor-invisible\" data-id=\"af52365\" data-element_type=\"column\" data-settings=\"{&quot;animation&quot;:&quot;fadeInUp&quot;}\">\n\t\t\t<div class=\"elementor-widget-wrap elementor-element-populated\">\n\t\t\t\t\t\t<div class=\"elementor-element elementor-element-22f9677 elementor-widget elementor-widget-image\" data-id=\"22f9677\" data-element_type=\"widget\" data-settings=\"{&quot;_animation&quot;:&quot;none&quot;}\" data-widget_type=\"image.default\">\n\t\t\t\t<div class=\"elementor-widget-container\">\n\t\t\t\t\t\t\t\t\t\t\t\t\t\t\t\t<a href=\"https:\/\/temacons.com\/wp-content\/uploads\/2022\/06\/Temacons-markalar-Pruess-Urunler-1.Ekstraksiyon-sistemi-Extraction-systems-min.png\" data-elementor-open-lightbox=\"yes\" data-elementor-lightbox-title=\"Temacons-markalar Pruess \u00dcr\u00fcnler -1.Ekstraksiyon sistemi - Extraction systems-min\" data-e-action-hash=\"#elementor-action%3Aaction%3Dlightbox%26settings%3DeyJpZCI6NTI3NSwidXJsIjoiaHR0cHM6XC9cL3RlbWFjb25zLmNvbVwvd3AtY29udGVudFwvdXBsb2Fkc1wvMjAyMlwvMDZcL1RlbWFjb25zLW1hcmthbGFyLVBydWVzcy1VcnVubGVyLTEuRWtzdHJha3NpeW9uLXNpc3RlbWktRXh0cmFjdGlvbi1zeXN0ZW1zLW1pbi5wbmcifQ%3D%3D\">\n\t\t\t\t\t\t\t<img decoding=\"async\" width=\"800\" height=\"800\" src=\"https:\/\/temacons.com\/wp-content\/uploads\/2022\/06\/Temacons-markalar-Pruess-Urunler-1.Ekstraksiyon-sistemi-Extraction-systems-min.png\" class=\"attachment-full size-full wp-image-5275\" alt=\"\" srcset=\"https:\/\/temacons.com\/wp-content\/uploads\/2022\/06\/Temacons-markalar-Pruess-Urunler-1.Ekstraksiyon-sistemi-Extraction-systems-min.png 800w, https:\/\/temacons.com\/wp-content\/uploads\/2022\/06\/Temacons-markalar-Pruess-Urunler-1.Ekstraksiyon-sistemi-Extraction-systems-min-300x300.png 300w, https:\/\/temacons.com\/wp-content\/uploads\/2022\/06\/Temacons-markalar-Pruess-Urunler-1.Ekstraksiyon-sistemi-Extraction-systems-min-150x150.png 150w, https:\/\/temacons.com\/wp-content\/uploads\/2022\/06\/Temacons-markalar-Pruess-Urunler-1.Ekstraksiyon-sistemi-Extraction-systems-min-768x768.png 768w\" sizes=\"(max-width: 800px) 100vw, 800px\" \/>\t\t\t\t\t\t\t\t<\/a>\n\t\t\t\t\t\t\t\t\t\t\t\t\t\t\t<\/div>\n\t\t\t\t<\/div>\n\t\t\t\t<div class=\"elementor-element elementor-element-4d596b8 elementor-widget elementor-widget-heading\" data-id=\"4d596b8\" data-element_type=\"widget\" data-widget_type=\"heading.default\">\n\t\t\t\t<div class=\"elementor-widget-container\">\n\t\t\t\t\t<h2 class=\"elementor-heading-title elementor-size-default\">EKSTRAKS\u0130YON S\u0130STEM\u0130<\/h2>\t\t\t\t<\/div>\n\t\t\t\t<\/div>\n\t\t\t\t\t<\/div>\n\t\t<\/div>\n\t\t\t\t<div class=\"elementor-column elementor-col-33 elementor-inner-column elementor-element elementor-element-096a7ac elementor-invisible\" data-id=\"096a7ac\" data-element_type=\"column\" data-settings=\"{&quot;animation&quot;:&quot;fadeInUp&quot;}\">\n\t\t\t<div class=\"elementor-widget-wrap elementor-element-populated\">\n\t\t\t\t\t\t<div class=\"elementor-element elementor-element-7056d46 elementor-widget elementor-widget-image\" data-id=\"7056d46\" data-element_type=\"widget\" data-settings=\"{&quot;_animation&quot;:&quot;none&quot;}\" data-widget_type=\"image.default\">\n\t\t\t\t<div class=\"elementor-widget-container\">\n\t\t\t\t\t\t\t\t\t\t\t\t\t\t\t\t<a href=\"https:\/\/temacons.com\/wp-content\/uploads\/2022\/06\/Temacons-markalar-Pruess-Urunler-2.-Percolator-Percolator-min.png\" data-elementor-open-lightbox=\"yes\" data-elementor-lightbox-title=\"Temacons-markalar Pruess \u00dcr\u00fcnler -2. Percolator - Percolator-min\" data-e-action-hash=\"#elementor-action%3Aaction%3Dlightbox%26settings%3DeyJpZCI6NTI3MSwidXJsIjoiaHR0cHM6XC9cL3RlbWFjb25zLmNvbVwvd3AtY29udGVudFwvdXBsb2Fkc1wvMjAyMlwvMDZcL1RlbWFjb25zLW1hcmthbGFyLVBydWVzcy1VcnVubGVyLTIuLVBlcmNvbGF0b3ItUGVyY29sYXRvci1taW4ucG5nIn0%3D\">\n\t\t\t\t\t\t\t<img decoding=\"async\" width=\"800\" height=\"800\" src=\"https:\/\/temacons.com\/wp-content\/uploads\/2022\/06\/Temacons-markalar-Pruess-Urunler-2.-Percolator-Percolator-min.png\" class=\"attachment-full size-full wp-image-5271\" alt=\"\" srcset=\"https:\/\/temacons.com\/wp-content\/uploads\/2022\/06\/Temacons-markalar-Pruess-Urunler-2.-Percolator-Percolator-min.png 800w, https:\/\/temacons.com\/wp-content\/uploads\/2022\/06\/Temacons-markalar-Pruess-Urunler-2.-Percolator-Percolator-min-300x300.png 300w, https:\/\/temacons.com\/wp-content\/uploads\/2022\/06\/Temacons-markalar-Pruess-Urunler-2.-Percolator-Percolator-min-150x150.png 150w, https:\/\/temacons.com\/wp-content\/uploads\/2022\/06\/Temacons-markalar-Pruess-Urunler-2.-Percolator-Percolator-min-768x768.png 768w\" sizes=\"(max-width: 800px) 100vw, 800px\" \/>\t\t\t\t\t\t\t\t<\/a>\n\t\t\t\t\t\t\t\t\t\t\t\t\t\t\t<\/div>\n\t\t\t\t<\/div>\n\t\t\t\t<div class=\"elementor-element elementor-element-aa6267a elementor-widget elementor-widget-heading\" data-id=\"aa6267a\" data-element_type=\"widget\" data-widget_type=\"heading.default\">\n\t\t\t\t<div class=\"elementor-widget-container\">\n\t\t\t\t\t<h2 class=\"elementor-heading-title elementor-size-default\">PERCOLATOR<\/h2>\t\t\t\t<\/div>\n\t\t\t\t<\/div>\n\t\t\t\t\t<\/div>\n\t\t<\/div>\n\t\t\t\t<div class=\"elementor-column elementor-col-33 elementor-inner-column elementor-element elementor-element-5044ff1 elementor-invisible\" data-id=\"5044ff1\" data-element_type=\"column\" data-settings=\"{&quot;animation&quot;:&quot;fadeInUp&quot;}\">\n\t\t\t<div class=\"elementor-widget-wrap elementor-element-populated\">\n\t\t\t\t\t\t<div class=\"elementor-element elementor-element-43d1837 elementor-widget elementor-widget-image\" data-id=\"43d1837\" data-element_type=\"widget\" data-settings=\"{&quot;_animation&quot;:&quot;none&quot;}\" data-widget_type=\"image.default\">\n\t\t\t\t<div class=\"elementor-widget-container\">\n\t\t\t\t\t\t\t\t\t\t\t\t\t\t\t\t<a href=\"https:\/\/temacons.com\/wp-content\/uploads\/2022\/06\/Temacons-markalar-Pruess-Urunler-3.-Ekstraksiyon-sistemi-Extraction-systems-min.png\" data-elementor-open-lightbox=\"yes\" data-elementor-lightbox-title=\"Temacons-markalar- Pruess \u00dcr\u00fcnler -3. Ekstraksiyon sistemi - Extraction systems-min\" data-e-action-hash=\"#elementor-action%3Aaction%3Dlightbox%26settings%3DeyJpZCI6NTI3MywidXJsIjoiaHR0cHM6XC9cL3RlbWFjb25zLmNvbVwvd3AtY29udGVudFwvdXBsb2Fkc1wvMjAyMlwvMDZcL1RlbWFjb25zLW1hcmthbGFyLVBydWVzcy1VcnVubGVyLTMuLUVrc3RyYWtzaXlvbi1zaXN0ZW1pLUV4dHJhY3Rpb24tc3lzdGVtcy1taW4ucG5nIn0%3D\">\n\t\t\t\t\t\t\t<img loading=\"lazy\" decoding=\"async\" width=\"800\" height=\"800\" src=\"https:\/\/temacons.com\/wp-content\/uploads\/2022\/06\/Temacons-markalar-Pruess-Urunler-3.-Ekstraksiyon-sistemi-Extraction-systems-min.png\" class=\"attachment-full size-full wp-image-5273\" alt=\"\" srcset=\"https:\/\/temacons.com\/wp-content\/uploads\/2022\/06\/Temacons-markalar-Pruess-Urunler-3.-Ekstraksiyon-sistemi-Extraction-systems-min.png 800w, https:\/\/temacons.com\/wp-content\/uploads\/2022\/06\/Temacons-markalar-Pruess-Urunler-3.-Ekstraksiyon-sistemi-Extraction-systems-min-300x300.png 300w, https:\/\/temacons.com\/wp-content\/uploads\/2022\/06\/Temacons-markalar-Pruess-Urunler-3.-Ekstraksiyon-sistemi-Extraction-systems-min-150x150.png 150w, https:\/\/temacons.com\/wp-content\/uploads\/2022\/06\/Temacons-markalar-Pruess-Urunler-3.-Ekstraksiyon-sistemi-Extraction-systems-min-768x768.png 768w\" sizes=\"(max-width: 800px) 100vw, 800px\" \/>\t\t\t\t\t\t\t\t<\/a>\n\t\t\t\t\t\t\t\t\t\t\t\t\t\t\t<\/div>\n\t\t\t\t<\/div>\n\t\t\t\t<div class=\"elementor-element elementor-element-c4552da elementor-widget elementor-widget-heading\" data-id=\"c4552da\" data-element_type=\"widget\" data-widget_type=\"heading.default\">\n\t\t\t\t<div class=\"elementor-widget-container\">\n\t\t\t\t\t<h2 class=\"elementor-heading-title elementor-size-default\"> EKSTRAKS\u0130YON S\u0130STEM\u0130<\/h2>\t\t\t\t<\/div>\n\t\t\t\t<\/div>\n\t\t\t\t\t<\/div>\n\t\t<\/div>\n\t\t\t\t\t<\/div>\n\t\t<\/section>\n\t\t\t\t<div class=\"elementor-element elementor-element-d475a97 elementor-widget elementor-widget-text-editor\" data-id=\"d475a97\" data-element_type=\"widget\" data-widget_type=\"text-editor.default\">\n\t\t\t\t<div class=\"elementor-widget-container\">\n\t\t\t\t\t\t\t\t\t<p><a href=\"https:\/\/www.pruess.gmbh\/\" target=\"_blank\" rel=\"noopener\">www.pruess.gmbh<\/a><\/p>\t\t\t\t\t\t\t\t<\/div>\n\t\t\t\t<\/div>\n\t\t\t\t\t<\/div>\n\t\t<\/div>\n\t\t\t\t\t<\/div>\n\t\t<\/section>\n\t\t\t\t<section class=\"elementor-section elementor-top-section elementor-element elementor-element-65253c7 elementor-section-boxed elementor-section-height-default elementor-section-height-default\" data-id=\"65253c7\" data-element_type=\"section\">\n\t\t\t\t\t\t<div class=\"elementor-container elementor-column-gap-default\">\n\t\t\t\t\t<div class=\"elementor-column elementor-col-50 elementor-top-column elementor-element elementor-element-f005d1e\" data-id=\"f005d1e\" data-element_type=\"column\">\n\t\t\t<div class=\"elementor-widget-wrap elementor-element-populated\">\n\t\t\t\t\t\t<div class=\"elementor-element elementor-element-d89aa89 elementor-cta--layout-image-left elementor-cta--skin-classic elementor-animated-content elementor-bg-transform elementor-bg-transform-zoom-in elementor-widget elementor-widget-call-to-action\" data-id=\"d89aa89\" data-element_type=\"widget\" data-widget_type=\"call-to-action.default\">\n\t\t\t\t<div class=\"elementor-widget-container\">\n\t\t\t\t\t\t\t<div class=\"elementor-cta\">\n\t\t\t\t\t<div class=\"elementor-cta__bg-wrapper\">\n\t\t\t\t<div class=\"elementor-cta__bg elementor-bg\" style=\"background-image: url(https:\/\/temacons.com\/wp-content\/uploads\/2021\/06\/Temacons-Markalar-firma-Waldner.jpg);\" role=\"img\" aria-label=\"Temacons Markalar firmalar Waldner\"><\/div>\n\t\t\t\t<div class=\"elementor-cta__bg-overlay\"><\/div>\n\t\t\t<\/div>\n\t\t\t\t\t\t\t<div class=\"elementor-cta__content\">\n\t\t\t\t\n\t\t\t\t\t\t\t\t\t<h2 class=\"elementor-cta__title elementor-cta__content-item elementor-content-item\">\n\t\t\t\t\t\tTavsiye \u00fcr\u00fcn grubu\t\t\t\t\t<\/h2>\n\t\t\t\t\n\t\t\t\t\n\t\t\t\t\t\t\t\t\t<div class=\"elementor-cta__button-wrapper elementor-cta__content-item elementor-content-item \">\n\t\t\t\t\t<a class=\"elementor-cta__button elementor-button elementor-size-\" href=\"https:\/\/temacons.com\/markalar\/waldner\/\">\n\t\t\t\t\t\tClick Here\t\t\t\t\t<\/a>\n\t\t\t\t\t<\/div>\n\t\t\t\t\t\t\t<\/div>\n\t\t\t\t\t\t<\/div>\n\t\t\t\t\t\t<\/div>\n\t\t\t\t<\/div>\n\t\t\t\t\t<\/div>\n\t\t<\/div>\n\t\t\t\t<div class=\"elementor-column elementor-col-50 elementor-top-column elementor-element elementor-element-c83496b\" data-id=\"c83496b\" data-element_type=\"column\">\n\t\t\t<div class=\"elementor-widget-wrap elementor-element-populated\">\n\t\t\t\t\t\t<div class=\"elementor-element elementor-element-020569b elementor-cta--layout-image-right elementor-cta--skin-classic elementor-animated-content elementor-bg-transform elementor-bg-transform-zoom-in elementor-widget elementor-widget-call-to-action\" data-id=\"020569b\" data-element_type=\"widget\" data-widget_type=\"call-to-action.default\">\n\t\t\t\t<div class=\"elementor-widget-container\">\n\t\t\t\t\t\t\t<div class=\"elementor-cta\">\n\t\t\t\t\t<div class=\"elementor-cta__bg-wrapper\">\n\t\t\t\t<div class=\"elementor-cta__bg elementor-bg\" style=\"background-image: url(https:\/\/temacons.com\/wp-content\/uploads\/2021\/06\/Temacons-Markalar-firma-Diosna.jpg);\" role=\"img\" aria-label=\"Temacons Markalar firmalar Diosna\"><\/div>\n\t\t\t\t<div class=\"elementor-cta__bg-overlay\"><\/div>\n\t\t\t<\/div>\n\t\t\t\t\t\t\t<div class=\"elementor-cta__content\">\n\t\t\t\t\n\t\t\t\t\t\t\t\t\t<h2 class=\"elementor-cta__title elementor-cta__content-item elementor-content-item\">\n\t\t\t\t\t\tTavsiye \u00fcr\u00fcn grubu\t\t\t\t\t<\/h2>\n\t\t\t\t\n\t\t\t\t\n\t\t\t\t\t\t\t\t\t<div class=\"elementor-cta__button-wrapper elementor-cta__content-item elementor-content-item \">\n\t\t\t\t\t<a class=\"elementor-cta__button elementor-button elementor-size-\" href=\"https:\/\/temacons.com\/markalar\/diosna\/\">\n\t\t\t\t\t\tClick Here\t\t\t\t\t<\/a>\n\t\t\t\t\t<\/div>\n\t\t\t\t\t\t\t<\/div>\n\t\t\t\t\t\t<\/div>\n\t\t\t\t\t\t<\/div>\n\t\t\t\t<\/div>\n\t\t\t\t\t<\/div>\n\t\t<\/div>\n\t\t\t\t\t<\/div>\n\t\t<\/section>\n\t\t\t\t<\/div>\n\t\t","protected":false},"excerpt":{"rendered":"<p>Pruess Pruess GmbH, tesis m\u00fchendisli\u011fi ve ekstraksiyon teknolojisinde 40 y\u0131ll\u0131k deneyime sahiptir ve termal s\u00fcre\u00e7 m\u00fchendisli\u011fine odaklanan farmas\u00f6tik ve g\u0131da end\u00fcstrisi i\u00e7in \u00e7ok say\u0131da proje uygulam\u0131\u015ft\u0131r. Farmas\u00f6tik ve g\u0131da \u015firketlerinin \u00e7ay veya petrol tohumu gibi ila\u00e7lar\u0131n veya g\u0131dalar\u0131n \u00fcretiminde kar\u015f\u0131la\u015ft\u0131\u011f\u0131 zorluklar, Pruess GmbH proje y\u00f6neticileri ve m\u00fchendisleri taraf\u0131ndan iyi bilinmektedir. \u00dcr\u00fcnlerin kalitesi ve g\u00fcvenli\u011fi ile [&hellip;]<\/p>\n","protected":false},"author":2,"featured_media":5265,"parent":5032,"menu_order":0,"comment_status":"closed","ping_status":"closed","template":"","meta":{"footnotes":""},"categories":[47],"tags":[],"class_list":["post-5442","page","type-page","status-publish","has-post-thumbnail","hentry","category-markalar-en"],"_links":{"self":[{"href":"https:\/\/temacons.com\/en\/wp-json\/wp\/v2\/pages\/5442","targetHints":{"allow":["GET"]}}],"collection":[{"href":"https:\/\/temacons.com\/en\/wp-json\/wp\/v2\/pages"}],"about":[{"href":"https:\/\/temacons.com\/en\/wp-json\/wp\/v2\/types\/page"}],"author":[{"embeddable":true,"href":"https:\/\/temacons.com\/en\/wp-json\/wp\/v2\/users\/2"}],"replies":[{"embeddable":true,"href":"https:\/\/temacons.com\/en\/wp-json\/wp\/v2\/comments?post=5442"}],"version-history":[{"count":1,"href":"https:\/\/temacons.com\/en\/wp-json\/wp\/v2\/pages\/5442\/revisions"}],"predecessor-version":[{"id":9787,"href":"https:\/\/temacons.com\/en\/wp-json\/wp\/v2\/pages\/5442\/revisions\/9787"}],"up":[{"embeddable":true,"href":"https:\/\/temacons.com\/en\/wp-json\/wp\/v2\/pages\/5032"}],"wp:featuredmedia":[{"embeddable":true,"href":"https:\/\/temacons.com\/en\/wp-json\/wp\/v2\/media\/5265"}],"wp:attachment":[{"href":"https:\/\/temacons.com\/en\/wp-json\/wp\/v2\/media?parent=5442"}],"wp:term":[{"taxonomy":"category","embeddable":true,"href":"https:\/\/temacons.com\/en\/wp-json\/wp\/v2\/categories?post=5442"},{"taxonomy":"post_tag","embeddable":true,"href":"https:\/\/temacons.com\/en\/wp-json\/wp\/v2\/tags?post=5442"}],"curies":[{"name":"wp","href":"https:\/\/api.w.org\/{rel}","templated":true}]}}