{"id":5451,"date":"2022-06-24T11:02:17","date_gmt":"2022-06-24T08:02:17","guid":{"rendered":"https:\/\/temacons.com\/our-partners\/regenhu\/"},"modified":"2026-02-16T17:33:52","modified_gmt":"2026-02-16T14:33:52","slug":"regenhu","status":"publish","type":"page","link":"https:\/\/temacons.com\/en\/our-partners\/regenhu\/","title":{"rendered":"REGENHU"},"content":{"rendered":"\t\t<div data-elementor-type=\"wp-page\" data-elementor-id=\"5451\" class=\"elementor elementor-5451 elementor-5279\" data-elementor-settings=\"{&quot;element_pack_global_tooltip_width&quot;:{&quot;unit&quot;:&quot;px&quot;,&quot;size&quot;:&quot;&quot;,&quot;sizes&quot;:[]},&quot;element_pack_global_tooltip_width_tablet&quot;:{&quot;unit&quot;:&quot;px&quot;,&quot;size&quot;:&quot;&quot;,&quot;sizes&quot;:[]},&quot;element_pack_global_tooltip_width_mobile&quot;:{&quot;unit&quot;:&quot;px&quot;,&quot;size&quot;:&quot;&quot;,&quot;sizes&quot;:[]},&quot;element_pack_global_tooltip_padding&quot;:{&quot;unit&quot;:&quot;px&quot;,&quot;top&quot;:&quot;&quot;,&quot;right&quot;:&quot;&quot;,&quot;bottom&quot;:&quot;&quot;,&quot;left&quot;:&quot;&quot;,&quot;isLinked&quot;:true},&quot;element_pack_global_tooltip_padding_tablet&quot;:{&quot;unit&quot;:&quot;px&quot;,&quot;top&quot;:&quot;&quot;,&quot;right&quot;:&quot;&quot;,&quot;bottom&quot;:&quot;&quot;,&quot;left&quot;:&quot;&quot;,&quot;isLinked&quot;:true},&quot;element_pack_global_tooltip_padding_mobile&quot;:{&quot;unit&quot;:&quot;px&quot;,&quot;top&quot;:&quot;&quot;,&quot;right&quot;:&quot;&quot;,&quot;bottom&quot;:&quot;&quot;,&quot;left&quot;:&quot;&quot;,&quot;isLinked&quot;:true},&quot;element_pack_global_tooltip_border_radius&quot;:{&quot;unit&quot;:&quot;px&quot;,&quot;top&quot;:&quot;&quot;,&quot;right&quot;:&quot;&quot;,&quot;bottom&quot;:&quot;&quot;,&quot;left&quot;:&quot;&quot;,&quot;isLinked&quot;:true},&quot;element_pack_global_tooltip_border_radius_tablet&quot;:{&quot;unit&quot;:&quot;px&quot;,&quot;top&quot;:&quot;&quot;,&quot;right&quot;:&quot;&quot;,&quot;bottom&quot;:&quot;&quot;,&quot;left&quot;:&quot;&quot;,&quot;isLinked&quot;:true},&quot;element_pack_global_tooltip_border_radius_mobile&quot;:{&quot;unit&quot;:&quot;px&quot;,&quot;top&quot;:&quot;&quot;,&quot;right&quot;:&quot;&quot;,&quot;bottom&quot;:&quot;&quot;,&quot;left&quot;:&quot;&quot;,&quot;isLinked&quot;:true}}\" data-elementor-post-type=\"page\">\n\t\t\t\t\t\t<section class=\"elementor-section elementor-top-section elementor-element elementor-element-daa466e elementor-section-content-middle elementor-section-boxed elementor-section-height-default elementor-section-height-default\" data-id=\"daa466e\" data-element_type=\"section\">\n\t\t\t\t\t\t<div class=\"elementor-container elementor-column-gap-wider\">\n\t\t\t\t\t<div class=\"elementor-column elementor-col-50 elementor-top-column elementor-element elementor-element-3873bb43 elementor-invisible\" data-id=\"3873bb43\" data-element_type=\"column\" data-settings=\"{&quot;animation&quot;:&quot;fadeInLeft&quot;}\">\n\t\t\t<div class=\"elementor-widget-wrap elementor-element-populated\">\n\t\t\t\t\t\t<div class=\"elementor-element elementor-element-fb13860 elementor-widget elementor-widget-image\" data-id=\"fb13860\" data-element_type=\"widget\" data-widget_type=\"image.default\">\n\t\t\t\t<div class=\"elementor-widget-container\">\n\t\t\t\t\t\t\t\t\t\t\t\t\t\t\t<img fetchpriority=\"high\" decoding=\"async\" width=\"500\" height=\"500\" src=\"https:\/\/temacons.com\/wp-content\/uploads\/2022\/06\/Temacons-Markalar-firma-Regenhu-min.png\" class=\"attachment-full size-full wp-image-5282\" alt=\"\" srcset=\"https:\/\/temacons.com\/wp-content\/uploads\/2022\/06\/Temacons-Markalar-firma-Regenhu-min.png 500w, https:\/\/temacons.com\/wp-content\/uploads\/2022\/06\/Temacons-Markalar-firma-Regenhu-min-300x300.png 300w, https:\/\/temacons.com\/wp-content\/uploads\/2022\/06\/Temacons-Markalar-firma-Regenhu-min-150x150.png 150w\" sizes=\"(max-width: 500px) 100vw, 500px\" \/>\t\t\t\t\t\t\t\t\t\t\t\t\t\t\t<\/div>\n\t\t\t\t<\/div>\n\t\t\t\t\t<\/div>\n\t\t<\/div>\n\t\t\t\t<div class=\"elementor-column elementor-col-50 elementor-top-column elementor-element elementor-element-54022fe0 elementor-invisible\" data-id=\"54022fe0\" data-element_type=\"column\" data-settings=\"{&quot;animation&quot;:&quot;fadeInRight&quot;}\">\n\t\t\t<div class=\"elementor-widget-wrap elementor-element-populated\">\n\t\t\t\t\t\t<div class=\"elementor-element elementor-element-aefcb86 elementor-widget elementor-widget-heading\" data-id=\"aefcb86\" data-element_type=\"widget\" data-widget_type=\"heading.default\">\n\t\t\t\t<div class=\"elementor-widget-container\">\n\t\t\t\t\t<h1 class=\"elementor-heading-title elementor-size-default\">Regenhu <\/h1>\t\t\t\t<\/div>\n\t\t\t\t<\/div>\n\t\t\t\t<div class=\"elementor-element elementor-element-5d443a7f elementor-widget elementor-widget-text-editor\" data-id=\"5d443a7f\" data-element_type=\"widget\" data-widget_type=\"text-editor.default\">\n\t\t\t\t<div class=\"elementor-widget-container\">\n\t\t\t\t\t\t\t\t\t<p>H\u00fccre s\u00fcspansiyonlar\u0131ndan termoplastik ve biyomateryal bask\u0131ya kadar tek bir 3D biyobask\u0131 i\u015fleminde birden fazla bask\u0131 teknolojisini birle\u015ftirerek m\u00fc\u015fterilerimizin uygulama ihtiya\u00e7lar\u0131 i\u00e7in \u00e7ok y\u00f6nl\u00fc ve tamamen \u00f6zelle\u015ftirilebilir biyobask\u0131 platformlar\u0131 sunuyoruz.<\/p><p>\u0130nsan derisi bask\u0131s\u0131, ki\u015fiselle\u015ftirilmi\u015f ila\u00e7lar ve h\u00fccresel ila\u00e7 ke\u015fif modelleri yaratmak i\u00e7in tek bir plantrfom kullanmak m\u00fcmk\u00fcn.<\/p>\t\t\t\t\t\t\t\t<\/div>\n\t\t\t\t<\/div>\n\t\t\t\t<div class=\"elementor-element elementor-element-05e06ab elementor-widget elementor-widget-heading\" data-id=\"05e06ab\" data-element_type=\"widget\" data-widget_type=\"heading.default\">\n\t\t\t\t<div class=\"elementor-widget-container\">\n\t\t\t\t\t<h2 class=\"elementor-heading-title elementor-size-default\">Regenhu Ekipman Grubu<br><\/h2>\t\t\t\t<\/div>\n\t\t\t\t<\/div>\n\t\t\t\t<div class=\"elementor-element elementor-element-4f22d4a8 elementor-icon-list--layout-traditional elementor-list-item-link-full_width elementor-widget elementor-widget-icon-list\" data-id=\"4f22d4a8\" data-element_type=\"widget\" data-widget_type=\"icon-list.default\">\n\t\t\t\t<div class=\"elementor-widget-container\">\n\t\t\t\t\t\t\t<ul class=\"elementor-icon-list-items\">\n\t\t\t\t\t\t\t<li class=\"elementor-icon-list-item\">\n\t\t\t\t\t\t\t\t\t\t\t<span class=\"elementor-icon-list-icon\">\n\t\t\t\t\t\t\t<svg aria-hidden=\"true\" class=\"e-font-icon-svg e-fas-plus\" viewBox=\"0 0 448 512\" xmlns=\"http:\/\/www.w3.org\/2000\/svg\"><path d=\"M416 208H272V64c0-17.67-14.33-32-32-32h-32c-17.67 0-32 14.33-32 32v144H32c-17.67 0-32 14.33-32 32v32c0 17.67 14.33 32 32 32h144v144c0 17.67 14.33 32 32 32h32c17.67 0 32-14.33 32-32V304h144c17.67 0 32-14.33 32-32v-32c0-17.67-14.33-32-32-32z\"><\/path><\/svg>\t\t\t\t\t\t<\/span>\n\t\t\t\t\t\t\t\t\t\t<span class=\"elementor-icon-list-text\">R-GEN 100 \u2013 3D biyobask\u0131 makinas\u0131<\/span>\n\t\t\t\t\t\t\t\t\t<\/li>\n\t\t\t\t\t\t\t\t<li class=\"elementor-icon-list-item\">\n\t\t\t\t\t\t\t\t\t\t\t<span class=\"elementor-icon-list-icon\">\n\t\t\t\t\t\t\t<svg aria-hidden=\"true\" class=\"e-font-icon-svg e-fas-plus\" viewBox=\"0 0 448 512\" xmlns=\"http:\/\/www.w3.org\/2000\/svg\"><path d=\"M416 208H272V64c0-17.67-14.33-32-32-32h-32c-17.67 0-32 14.33-32 32v144H32c-17.67 0-32 14.33-32 32v32c0 17.67 14.33 32 32 32h144v144c0 17.67 14.33 32 32 32h32c17.67 0 32-14.33 32-32V304h144c17.67 0 32-14.33 32-32v-32c0-17.67-14.33-32-32-32z\"><\/path><\/svg>\t\t\t\t\t\t<\/span>\n\t\t\t\t\t\t\t\t\t\t<span class=\"elementor-icon-list-text\">R-GEN 200 \u2013 G\u00fcvenlik kabini i\u00e7erisinde 3D biyobask\u0131 makinas\u0131<\/span>\n\t\t\t\t\t\t\t\t\t<\/li>\n\t\t\t\t\t\t<\/ul>\n\t\t\t\t\t\t<\/div>\n\t\t\t\t<\/div>\n\t\t\t\t<div class=\"elementor-element elementor-element-7f047cc elementor-widget elementor-widget-text-editor\" data-id=\"7f047cc\" data-element_type=\"widget\" data-widget_type=\"text-editor.default\">\n\t\t\t\t<div class=\"elementor-widget-container\">\n\t\t\t\t\t\t\t\t\t<p><a href=\"https:\/\/temacons.com\/iletisim\/\">Daha detayl\u0131 bilgi i\u00e7in l\u00fctfen bizimle ileti\u015fim kurun.<\/a><\/p>\t\t\t\t\t\t\t\t<\/div>\n\t\t\t\t<\/div>\n\t\t\t\t\t<\/div>\n\t\t<\/div>\n\t\t\t\t\t<\/div>\n\t\t<\/section>\n\t\t\t\t<section class=\"elementor-section elementor-top-section elementor-element elementor-element-08ba8e4 elementor-section-boxed elementor-section-height-default elementor-section-height-default\" data-id=\"08ba8e4\" data-element_type=\"section\">\n\t\t\t\t\t\t<div class=\"elementor-container elementor-column-gap-default\">\n\t\t\t\t\t<div class=\"elementor-column elementor-col-100 elementor-top-column elementor-element elementor-element-921bb5a\" data-id=\"921bb5a\" data-element_type=\"column\">\n\t\t\t<div class=\"elementor-widget-wrap elementor-element-populated\">\n\t\t\t\t\t\t<div class=\"elementor-element elementor-element-b00f865 elementor-widget elementor-widget-heading\" data-id=\"b00f865\" data-element_type=\"widget\" data-widget_type=\"heading.default\">\n\t\t\t\t<div class=\"elementor-widget-container\">\n\t\t\t\t\t<h2 class=\"elementor-heading-title elementor-size-default\">REGENHU EK\u0130PMAN GRUBU<\/h2>\t\t\t\t<\/div>\n\t\t\t\t<\/div>\n\t\t\t\t<section class=\"elementor-section elementor-inner-section elementor-element elementor-element-33a4402 elementor-section-boxed elementor-section-height-default elementor-section-height-default\" data-id=\"33a4402\" data-element_type=\"section\">\n\t\t\t\t\t\t<div class=\"elementor-container elementor-column-gap-default\">\n\t\t\t\t\t<div class=\"elementor-column elementor-col-33 elementor-inner-column elementor-element elementor-element-af52365 elementor-invisible\" data-id=\"af52365\" data-element_type=\"column\" data-settings=\"{&quot;animation&quot;:&quot;fadeInUp&quot;}\">\n\t\t\t<div class=\"elementor-widget-wrap elementor-element-populated\">\n\t\t\t\t\t\t<div class=\"elementor-element elementor-element-22f9677 elementor-widget elementor-widget-image\" data-id=\"22f9677\" data-element_type=\"widget\" data-settings=\"{&quot;_animation&quot;:&quot;none&quot;}\" data-widget_type=\"image.default\">\n\t\t\t\t<div class=\"elementor-widget-container\">\n\t\t\t\t\t\t\t\t\t\t\t\t\t\t\t\t<a href=\"https:\/\/temacons.com\/wp-content\/uploads\/2022\/06\/Temacons-markalar-Regenhu-Urunler-1.-R-GEN-100-3D-Biyobaski-makinasi-R-GEN-100-3D-Bioprinter_-min.png\" data-elementor-open-lightbox=\"yes\" data-elementor-lightbox-title=\"Temacons-markalar Regenhu \u00dcr\u00fcnler -1. R-GEN 100 3D Biyobask\u0131 makinas\u0131 - R-GEN 100 3D Bioprinter_-min\" data-e-action-hash=\"#elementor-action%3Aaction%3Dlightbox%26settings%3DeyJpZCI6NTI4NywidXJsIjoiaHR0cHM6XC9cL3RlbWFjb25zLmNvbVwvd3AtY29udGVudFwvdXBsb2Fkc1wvMjAyMlwvMDZcL1RlbWFjb25zLW1hcmthbGFyLVJlZ2VuaHUtVXJ1bmxlci0xLi1SLUdFTi0xMDAtM0QtQml5b2Jhc2tpLW1ha2luYXNpLVItR0VOLTEwMC0zRC1CaW9wcmludGVyXy1taW4ucG5nIn0%3D\">\n\t\t\t\t\t\t\t<img decoding=\"async\" width=\"800\" height=\"800\" src=\"https:\/\/temacons.com\/wp-content\/uploads\/2022\/06\/Temacons-markalar-Regenhu-Urunler-1.-R-GEN-100-3D-Biyobaski-makinasi-R-GEN-100-3D-Bioprinter_-min.png\" class=\"attachment-full size-full wp-image-5287\" alt=\"\" srcset=\"https:\/\/temacons.com\/wp-content\/uploads\/2022\/06\/Temacons-markalar-Regenhu-Urunler-1.-R-GEN-100-3D-Biyobaski-makinasi-R-GEN-100-3D-Bioprinter_-min.png 800w, https:\/\/temacons.com\/wp-content\/uploads\/2022\/06\/Temacons-markalar-Regenhu-Urunler-1.-R-GEN-100-3D-Biyobaski-makinasi-R-GEN-100-3D-Bioprinter_-min-300x300.png 300w, https:\/\/temacons.com\/wp-content\/uploads\/2022\/06\/Temacons-markalar-Regenhu-Urunler-1.-R-GEN-100-3D-Biyobaski-makinasi-R-GEN-100-3D-Bioprinter_-min-150x150.png 150w, https:\/\/temacons.com\/wp-content\/uploads\/2022\/06\/Temacons-markalar-Regenhu-Urunler-1.-R-GEN-100-3D-Biyobaski-makinasi-R-GEN-100-3D-Bioprinter_-min-768x768.png 768w\" sizes=\"(max-width: 800px) 100vw, 800px\" \/>\t\t\t\t\t\t\t\t<\/a>\n\t\t\t\t\t\t\t\t\t\t\t\t\t\t\t<\/div>\n\t\t\t\t<\/div>\n\t\t\t\t<div class=\"elementor-element elementor-element-4d596b8 elementor-widget elementor-widget-heading\" data-id=\"4d596b8\" data-element_type=\"widget\" data-widget_type=\"heading.default\">\n\t\t\t\t<div class=\"elementor-widget-container\">\n\t\t\t\t\t<h2 class=\"elementor-heading-title elementor-size-default\">R-GEN 100 3D BIYOBASKI MAK\u0130NASI<\/h2>\t\t\t\t<\/div>\n\t\t\t\t<\/div>\n\t\t\t\t\t<\/div>\n\t\t<\/div>\n\t\t\t\t<div class=\"elementor-column elementor-col-33 elementor-inner-column elementor-element elementor-element-096a7ac elementor-invisible\" data-id=\"096a7ac\" data-element_type=\"column\" data-settings=\"{&quot;animation&quot;:&quot;fadeInUp&quot;}\">\n\t\t\t<div class=\"elementor-widget-wrap elementor-element-populated\">\n\t\t\t\t\t\t<div class=\"elementor-element elementor-element-7056d46 elementor-widget elementor-widget-image\" data-id=\"7056d46\" data-element_type=\"widget\" data-settings=\"{&quot;_animation&quot;:&quot;none&quot;}\" data-widget_type=\"image.default\">\n\t\t\t\t<div class=\"elementor-widget-container\">\n\t\t\t\t\t\t\t\t\t\t\t\t\t\t\t\t<a href=\"https:\/\/temacons.com\/wp-content\/uploads\/2022\/06\/Temacons-markalar-Regenhu-Urunler-2.-R-GEN-200-3D-Biyobaski-makinasi-R-GEN-200-3D-Bioprinter-min.png\" data-elementor-open-lightbox=\"yes\" data-elementor-lightbox-title=\"Temacons-markalar Regenhu \u00dcr\u00fcnler -2. R-GEN 200 3D Biyobask\u0131 makinas\u0131 - R-GEN 200 3D Bioprinter-min\" data-e-action-hash=\"#elementor-action%3Aaction%3Dlightbox%26settings%3DeyJpZCI6NTI4NSwidXJsIjoiaHR0cHM6XC9cL3RlbWFjb25zLmNvbVwvd3AtY29udGVudFwvdXBsb2Fkc1wvMjAyMlwvMDZcL1RlbWFjb25zLW1hcmthbGFyLVJlZ2VuaHUtVXJ1bmxlci0yLi1SLUdFTi0yMDAtM0QtQml5b2Jhc2tpLW1ha2luYXNpLVItR0VOLTIwMC0zRC1CaW9wcmludGVyLW1pbi5wbmcifQ%3D%3D\">\n\t\t\t\t\t\t\t<img decoding=\"async\" width=\"800\" height=\"800\" src=\"https:\/\/temacons.com\/wp-content\/uploads\/2022\/06\/Temacons-markalar-Regenhu-Urunler-2.-R-GEN-200-3D-Biyobaski-makinasi-R-GEN-200-3D-Bioprinter-min.png\" class=\"attachment-full size-full wp-image-5285\" alt=\"\" srcset=\"https:\/\/temacons.com\/wp-content\/uploads\/2022\/06\/Temacons-markalar-Regenhu-Urunler-2.-R-GEN-200-3D-Biyobaski-makinasi-R-GEN-200-3D-Bioprinter-min.png 800w, https:\/\/temacons.com\/wp-content\/uploads\/2022\/06\/Temacons-markalar-Regenhu-Urunler-2.-R-GEN-200-3D-Biyobaski-makinasi-R-GEN-200-3D-Bioprinter-min-300x300.png 300w, https:\/\/temacons.com\/wp-content\/uploads\/2022\/06\/Temacons-markalar-Regenhu-Urunler-2.-R-GEN-200-3D-Biyobaski-makinasi-R-GEN-200-3D-Bioprinter-min-150x150.png 150w, https:\/\/temacons.com\/wp-content\/uploads\/2022\/06\/Temacons-markalar-Regenhu-Urunler-2.-R-GEN-200-3D-Biyobaski-makinasi-R-GEN-200-3D-Bioprinter-min-768x768.png 768w\" sizes=\"(max-width: 800px) 100vw, 800px\" \/>\t\t\t\t\t\t\t\t<\/a>\n\t\t\t\t\t\t\t\t\t\t\t\t\t\t\t<\/div>\n\t\t\t\t<\/div>\n\t\t\t\t<div class=\"elementor-element elementor-element-aa6267a elementor-widget elementor-widget-heading\" data-id=\"aa6267a\" data-element_type=\"widget\" data-widget_type=\"heading.default\">\n\t\t\t\t<div class=\"elementor-widget-container\">\n\t\t\t\t\t<h2 class=\"elementor-heading-title elementor-size-default\">R-GEN 200 3D BIYOBASKI MAK\u0130NASI<\/h2>\t\t\t\t<\/div>\n\t\t\t\t<\/div>\n\t\t\t\t\t<\/div>\n\t\t<\/div>\n\t\t\t\t<div class=\"elementor-column elementor-col-33 elementor-inner-column elementor-element elementor-element-ed70fe2\" data-id=\"ed70fe2\" data-element_type=\"column\">\n\t\t\t<div class=\"elementor-widget-wrap\">\n\t\t\t\t\t\t\t<\/div>\n\t\t<\/div>\n\t\t\t\t\t<\/div>\n\t\t<\/section>\n\t\t\t\t<div class=\"elementor-element elementor-element-d475a97 elementor-widget elementor-widget-text-editor\" data-id=\"d475a97\" data-element_type=\"widget\" data-widget_type=\"text-editor.default\">\n\t\t\t\t<div class=\"elementor-widget-container\">\n\t\t\t\t\t\t\t\t\t<p><a href=\"https:\/\/www.regenhu.com\/\" target=\"_blank\" rel=\"noopener\">www.regenhu.com<\/a><\/p>\t\t\t\t\t\t\t\t<\/div>\n\t\t\t\t<\/div>\n\t\t\t\t\t<\/div>\n\t\t<\/div>\n\t\t\t\t\t<\/div>\n\t\t<\/section>\n\t\t\t\t<section class=\"elementor-section elementor-top-section elementor-element elementor-element-65253c7 elementor-section-boxed elementor-section-height-default elementor-section-height-default\" data-id=\"65253c7\" data-element_type=\"section\">\n\t\t\t\t\t\t<div class=\"elementor-container elementor-column-gap-default\">\n\t\t\t\t\t<div class=\"elementor-column elementor-col-50 elementor-top-column elementor-element elementor-element-f005d1e\" data-id=\"f005d1e\" data-element_type=\"column\">\n\t\t\t<div class=\"elementor-widget-wrap elementor-element-populated\">\n\t\t\t\t\t\t<div class=\"elementor-element elementor-element-d89aa89 elementor-cta--layout-image-left elementor-cta--skin-classic elementor-animated-content elementor-bg-transform elementor-bg-transform-zoom-in elementor-widget elementor-widget-call-to-action\" data-id=\"d89aa89\" data-element_type=\"widget\" data-widget_type=\"call-to-action.default\">\n\t\t\t\t<div class=\"elementor-widget-container\">\n\t\t\t\t\t\t\t<div class=\"elementor-cta\">\n\t\t\t\t\t<div class=\"elementor-cta__bg-wrapper\">\n\t\t\t\t<div class=\"elementor-cta__bg elementor-bg\" style=\"background-image: url(https:\/\/temacons.com\/wp-content\/uploads\/2021\/06\/Temacons-Markalar-firma-Diosna.jpg);\" role=\"img\" aria-label=\"Temacons Markalar firmalar Diosna\"><\/div>\n\t\t\t\t<div class=\"elementor-cta__bg-overlay\"><\/div>\n\t\t\t<\/div>\n\t\t\t\t\t\t\t<div class=\"elementor-cta__content\">\n\t\t\t\t\n\t\t\t\t\t\t\t\t\t<h2 class=\"elementor-cta__title elementor-cta__content-item elementor-content-item\">\n\t\t\t\t\t\tTavsiye \u00fcr\u00fcn grubu\t\t\t\t\t<\/h2>\n\t\t\t\t\n\t\t\t\t\n\t\t\t\t\t\t\t\t\t<div class=\"elementor-cta__button-wrapper elementor-cta__content-item elementor-content-item \">\n\t\t\t\t\t<a class=\"elementor-cta__button elementor-button elementor-size-\" href=\"https:\/\/temacons.com\/markalar\/diosna\/\">\n\t\t\t\t\t\tClick Here\t\t\t\t\t<\/a>\n\t\t\t\t\t<\/div>\n\t\t\t\t\t\t\t<\/div>\n\t\t\t\t\t\t<\/div>\n\t\t\t\t\t\t<\/div>\n\t\t\t\t<\/div>\n\t\t\t\t\t<\/div>\n\t\t<\/div>\n\t\t\t\t<div class=\"elementor-column elementor-col-50 elementor-top-column elementor-element elementor-element-c83496b\" data-id=\"c83496b\" data-element_type=\"column\">\n\t\t\t<div class=\"elementor-widget-wrap elementor-element-populated\">\n\t\t\t\t\t\t<div class=\"elementor-element elementor-element-020569b elementor-cta--layout-image-right elementor-cta--skin-classic elementor-animated-content elementor-bg-transform elementor-bg-transform-zoom-in elementor-widget elementor-widget-call-to-action\" data-id=\"020569b\" data-element_type=\"widget\" data-widget_type=\"call-to-action.default\">\n\t\t\t\t<div class=\"elementor-widget-container\">\n\t\t\t\t\t\t\t<div class=\"elementor-cta\">\n\t\t\t\t\t<div class=\"elementor-cta__bg-wrapper\">\n\t\t\t\t<div class=\"elementor-cta__bg elementor-bg\" style=\"background-image: url(https:\/\/temacons.com\/wp-content\/uploads\/2021\/06\/Temacons-Markalar-firma-Andreas-Hettich-GmbH-Co-KG-1.jpg);\" role=\"img\" aria-label=\"Temacons Markalar firmalar Hettich GmbH\"><\/div>\n\t\t\t\t<div class=\"elementor-cta__bg-overlay\"><\/div>\n\t\t\t<\/div>\n\t\t\t\t\t\t\t<div class=\"elementor-cta__content\">\n\t\t\t\t\n\t\t\t\t\t\t\t\t\t<h2 class=\"elementor-cta__title elementor-cta__content-item elementor-content-item\">\n\t\t\t\t\t\tTavsiye \u00fcr\u00fcn grubu\t\t\t\t\t<\/h2>\n\t\t\t\t\n\t\t\t\t\n\t\t\t\t\t\t\t\t\t<div class=\"elementor-cta__button-wrapper elementor-cta__content-item elementor-content-item \">\n\t\t\t\t\t<a class=\"elementor-cta__button elementor-button elementor-size-\" href=\"https:\/\/temacons.com\/markalar\/andreas-hettich-gmbh-co-kg\/\">\n\t\t\t\t\t\tClick Here\t\t\t\t\t<\/a>\n\t\t\t\t\t<\/div>\n\t\t\t\t\t\t\t<\/div>\n\t\t\t\t\t\t<\/div>\n\t\t\t\t\t\t<\/div>\n\t\t\t\t<\/div>\n\t\t\t\t\t<\/div>\n\t\t<\/div>\n\t\t\t\t\t<\/div>\n\t\t<\/section>\n\t\t\t\t<\/div>\n\t\t","protected":false},"excerpt":{"rendered":"<p>Regenhu H\u00fccre s\u00fcspansiyonlar\u0131ndan termoplastik ve biyomateryal bask\u0131ya kadar tek bir 3D biyobask\u0131 i\u015fleminde birden fazla bask\u0131 teknolojisini birle\u015ftirerek m\u00fc\u015fterilerimizin uygulama ihtiya\u00e7lar\u0131 i\u00e7in \u00e7ok y\u00f6nl\u00fc ve tamamen \u00f6zelle\u015ftirilebilir biyobask\u0131 platformlar\u0131 sunuyoruz. \u0130nsan derisi bask\u0131s\u0131, ki\u015fiselle\u015ftirilmi\u015f ila\u00e7lar ve h\u00fccresel ila\u00e7 ke\u015fif modelleri yaratmak i\u00e7in tek bir plantrfom kullanmak m\u00fcmk\u00fcn. Regenhu Ekipman Grubu R-GEN 100 \u2013 3D biyobask\u0131 [&hellip;]<\/p>\n","protected":false},"author":2,"featured_media":5282,"parent":5032,"menu_order":0,"comment_status":"closed","ping_status":"closed","template":"","meta":{"footnotes":""},"categories":[47],"tags":[],"class_list":["post-5451","page","type-page","status-publish","has-post-thumbnail","hentry","category-markalar-en"],"_links":{"self":[{"href":"https:\/\/temacons.com\/en\/wp-json\/wp\/v2\/pages\/5451","targetHints":{"allow":["GET"]}}],"collection":[{"href":"https:\/\/temacons.com\/en\/wp-json\/wp\/v2\/pages"}],"about":[{"href":"https:\/\/temacons.com\/en\/wp-json\/wp\/v2\/types\/page"}],"author":[{"embeddable":true,"href":"https:\/\/temacons.com\/en\/wp-json\/wp\/v2\/users\/2"}],"replies":[{"embeddable":true,"href":"https:\/\/temacons.com\/en\/wp-json\/wp\/v2\/comments?post=5451"}],"version-history":[{"count":1,"href":"https:\/\/temacons.com\/en\/wp-json\/wp\/v2\/pages\/5451\/revisions"}],"predecessor-version":[{"id":9790,"href":"https:\/\/temacons.com\/en\/wp-json\/wp\/v2\/pages\/5451\/revisions\/9790"}],"up":[{"embeddable":true,"href":"https:\/\/temacons.com\/en\/wp-json\/wp\/v2\/pages\/5032"}],"wp:featuredmedia":[{"embeddable":true,"href":"https:\/\/temacons.com\/en\/wp-json\/wp\/v2\/media\/5282"}],"wp:attachment":[{"href":"https:\/\/temacons.com\/en\/wp-json\/wp\/v2\/media?parent=5451"}],"wp:term":[{"taxonomy":"category","embeddable":true,"href":"https:\/\/temacons.com\/en\/wp-json\/wp\/v2\/categories?post=5451"},{"taxonomy":"post_tag","embeddable":true,"href":"https:\/\/temacons.com\/en\/wp-json\/wp\/v2\/tags?post=5451"}],"curies":[{"name":"wp","href":"https:\/\/api.w.org\/{rel}","templated":true}]}}