{"id":9372,"date":"2025-09-24T21:26:28","date_gmt":"2025-09-24T18:26:28","guid":{"rendered":"https:\/\/temacons.com\/?page_id=9372"},"modified":"2025-09-26T01:14:26","modified_gmt":"2025-09-25T22:14:26","slug":"mbl","status":"publish","type":"page","link":"https:\/\/temacons.com\/en\/markalar\/mbl\/","title":{"rendered":"MBL"},"content":{"rendered":"\t\t<div data-elementor-type=\"wp-page\" data-elementor-id=\"9372\" class=\"elementor elementor-9372\" data-elementor-settings=\"{&quot;element_pack_global_tooltip_width&quot;:{&quot;unit&quot;:&quot;px&quot;,&quot;size&quot;:&quot;&quot;,&quot;sizes&quot;:[]},&quot;element_pack_global_tooltip_width_tablet&quot;:{&quot;unit&quot;:&quot;px&quot;,&quot;size&quot;:&quot;&quot;,&quot;sizes&quot;:[]},&quot;element_pack_global_tooltip_width_mobile&quot;:{&quot;unit&quot;:&quot;px&quot;,&quot;size&quot;:&quot;&quot;,&quot;sizes&quot;:[]},&quot;element_pack_global_tooltip_padding&quot;:{&quot;unit&quot;:&quot;px&quot;,&quot;top&quot;:&quot;&quot;,&quot;right&quot;:&quot;&quot;,&quot;bottom&quot;:&quot;&quot;,&quot;left&quot;:&quot;&quot;,&quot;isLinked&quot;:true},&quot;element_pack_global_tooltip_padding_tablet&quot;:{&quot;unit&quot;:&quot;px&quot;,&quot;top&quot;:&quot;&quot;,&quot;right&quot;:&quot;&quot;,&quot;bottom&quot;:&quot;&quot;,&quot;left&quot;:&quot;&quot;,&quot;isLinked&quot;:true},&quot;element_pack_global_tooltip_padding_mobile&quot;:{&quot;unit&quot;:&quot;px&quot;,&quot;top&quot;:&quot;&quot;,&quot;right&quot;:&quot;&quot;,&quot;bottom&quot;:&quot;&quot;,&quot;left&quot;:&quot;&quot;,&quot;isLinked&quot;:true},&quot;element_pack_global_tooltip_border_radius&quot;:{&quot;unit&quot;:&quot;px&quot;,&quot;top&quot;:&quot;&quot;,&quot;right&quot;:&quot;&quot;,&quot;bottom&quot;:&quot;&quot;,&quot;left&quot;:&quot;&quot;,&quot;isLinked&quot;:true},&quot;element_pack_global_tooltip_border_radius_tablet&quot;:{&quot;unit&quot;:&quot;px&quot;,&quot;top&quot;:&quot;&quot;,&quot;right&quot;:&quot;&quot;,&quot;bottom&quot;:&quot;&quot;,&quot;left&quot;:&quot;&quot;,&quot;isLinked&quot;:true},&quot;element_pack_global_tooltip_border_radius_mobile&quot;:{&quot;unit&quot;:&quot;px&quot;,&quot;top&quot;:&quot;&quot;,&quot;right&quot;:&quot;&quot;,&quot;bottom&quot;:&quot;&quot;,&quot;left&quot;:&quot;&quot;,&quot;isLinked&quot;:true}}\" data-elementor-post-type=\"page\">\n\t\t\t\t\t\t<section class=\"elementor-section elementor-top-section elementor-element elementor-element-daa466e elementor-section-content-middle elementor-section-boxed elementor-section-height-default elementor-section-height-default\" data-id=\"daa466e\" data-element_type=\"section\">\n\t\t\t\t\t\t<div class=\"elementor-container elementor-column-gap-wider\">\n\t\t\t\t\t<div class=\"elementor-column elementor-col-50 elementor-top-column elementor-element elementor-element-3873bb43 elementor-invisible\" data-id=\"3873bb43\" data-element_type=\"column\" data-settings=\"{&quot;animation&quot;:&quot;fadeInLeft&quot;}\">\n\t\t\t<div class=\"elementor-widget-wrap elementor-element-populated\">\n\t\t\t\t\t\t<div class=\"elementor-element elementor-element-fb13860 elementor-widget elementor-widget-image\" data-id=\"fb13860\" data-element_type=\"widget\" data-widget_type=\"image.default\">\n\t\t\t\t<div class=\"elementor-widget-container\">\n\t\t\t\t\t\t\t\t\t\t\t\t\t\t\t<img fetchpriority=\"high\" decoding=\"async\" width=\"300\" height=\"300\" src=\"https:\/\/temacons.com\/wp-content\/uploads\/2025\/09\/MBL.png\" class=\"attachment-full size-full wp-image-9376\" alt=\"\" srcset=\"https:\/\/temacons.com\/wp-content\/uploads\/2025\/09\/MBL.png 300w, https:\/\/temacons.com\/wp-content\/uploads\/2025\/09\/MBL-150x150.png 150w\" sizes=\"(max-width: 300px) 100vw, 300px\" \/>\t\t\t\t\t\t\t\t\t\t\t\t\t\t\t<\/div>\n\t\t\t\t<\/div>\n\t\t\t\t<div class=\"elementor-element elementor-element-298761c elementor-hidden-desktop elementor-hidden-tablet elementor-hidden-mobile elementor-widget elementor-widget-video\" data-id=\"298761c\" data-element_type=\"widget\" data-settings=\"{&quot;youtube_url&quot;:&quot;https:\\\/\\\/www.youtube.com\\\/watch?v=-xa0mvd3UBs&quot;,&quot;video_type&quot;:&quot;youtube&quot;,&quot;controls&quot;:&quot;yes&quot;}\" data-widget_type=\"video.default\">\n\t\t\t\t<div class=\"elementor-widget-container\">\n\t\t\t\t\t\t\t<div class=\"elementor-wrapper elementor-open-inline\">\n\t\t\t<div class=\"elementor-video\"><\/div>\t\t<\/div>\n\t\t\t\t\t\t<\/div>\n\t\t\t\t<\/div>\n\t\t\t\t\t<\/div>\n\t\t<\/div>\n\t\t\t\t<div class=\"elementor-column elementor-col-50 elementor-top-column elementor-element elementor-element-54022fe0 elementor-invisible\" data-id=\"54022fe0\" data-element_type=\"column\" data-settings=\"{&quot;animation&quot;:&quot;fadeInRight&quot;}\">\n\t\t\t<div class=\"elementor-widget-wrap elementor-element-populated\">\n\t\t\t\t\t\t<div class=\"elementor-element elementor-element-aefcb86 elementor-widget elementor-widget-heading\" data-id=\"aefcb86\" data-element_type=\"widget\" data-widget_type=\"heading.default\">\n\t\t\t\t<div class=\"elementor-widget-container\">\n\t\t\t\t\t<h1 class=\"elementor-heading-title elementor-size-default\">MBL<\/h1>\t\t\t\t<\/div>\n\t\t\t\t<\/div>\n\t\t\t\t<div class=\"elementor-element elementor-element-5d443a7f elementor-widget elementor-widget-text-editor\" data-id=\"5d443a7f\" data-element_type=\"widget\" data-widget_type=\"text-editor.default\">\n\t\t\t\t<div class=\"elementor-widget-container\">\n\t\t\t\t\t\t\t\t\t<p>MBL, a brand of Germany-based BSW-Anlagenbau GmbH, specializes in process equipment. Its product portfolio includes systems for blending, weighing, dispensing, sieving, lifting, and conveying.<\/p>\n<p>MBL provides handling and mixing solutions for IBCs, drums, and containers across the pharmaceutical, biotechnology, life sciences, and chemical industries. With fixed or mobile lifting systems, modular blending units, and material transfer lines, its flexible and adaptable solutions can be seamlessly integrated into production processes.<\/p>\n<p>Prioritizing hygiene, operator safety, and production efficiency, MBL delivers reliable, customized solutions backed by a strong service and support infrastructure.<\/p>\t\t\t\t\t\t\t\t<\/div>\n\t\t\t\t<\/div>\n\t\t\t\t<div class=\"elementor-element elementor-element-05e06ab elementor-hidden-desktop elementor-hidden-tablet elementor-hidden-mobile elementor-widget elementor-widget-heading\" data-id=\"05e06ab\" data-element_type=\"widget\" data-widget_type=\"heading.default\">\n\t\t\t\t<div class=\"elementor-widget-container\">\n\t\t\t\t\t<h2 class=\"elementor-heading-title elementor-size-default\">HETTICH Ekipman Grubu<br><\/h2>\t\t\t\t<\/div>\n\t\t\t\t<\/div>\n\t\t\t\t<div class=\"elementor-element elementor-element-4f22d4a8 elementor-hidden-desktop elementor-hidden-tablet elementor-hidden-mobile elementor-icon-list--layout-traditional elementor-list-item-link-full_width elementor-widget elementor-widget-icon-list\" data-id=\"4f22d4a8\" data-element_type=\"widget\" data-widget_type=\"icon-list.default\">\n\t\t\t\t<div class=\"elementor-widget-container\">\n\t\t\t\t\t\t\t<ul class=\"elementor-icon-list-items\">\n\t\t\t\t\t\t\t<li class=\"elementor-icon-list-item\">\n\t\t\t\t\t\t\t\t\t\t\t<span class=\"elementor-icon-list-icon\">\n\t\t\t\t\t\t\t<svg aria-hidden=\"true\" class=\"e-font-icon-svg e-fas-plus\" viewBox=\"0 0 448 512\" xmlns=\"http:\/\/www.w3.org\/2000\/svg\"><path d=\"M416 208H272V64c0-17.67-14.33-32-32-32h-32c-17.67 0-32 14.33-32 32v144H32c-17.67 0-32 14.33-32 32v32c0 17.67 14.33 32 32 32h144v144c0 17.67 14.33 32 32 32h32c17.67 0 32-14.33 32-32V304h144c17.67 0 32-14.33 32-32v-32c0-17.67-14.33-32-32-32z\"><\/path><\/svg>\t\t\t\t\t\t<\/span>\n\t\t\t\t\t\t\t\t\t\t<span class=\"elementor-icon-list-text\">Hettcube 200 \u0130nk\u00fcbat\u00f6r<\/span>\n\t\t\t\t\t\t\t\t\t<\/li>\n\t\t\t\t\t\t\t\t<li class=\"elementor-icon-list-item\">\n\t\t\t\t\t\t\t\t\t\t\t<span class=\"elementor-icon-list-icon\">\n\t\t\t\t\t\t\t<svg aria-hidden=\"true\" class=\"e-font-icon-svg e-fas-plus\" viewBox=\"0 0 448 512\" xmlns=\"http:\/\/www.w3.org\/2000\/svg\"><path d=\"M416 208H272V64c0-17.67-14.33-32-32-32h-32c-17.67 0-32 14.33-32 32v144H32c-17.67 0-32 14.33-32 32v32c0 17.67 14.33 32 32 32h144v144c0 17.67 14.33 32 32 32h32c17.67 0 32-14.33 32-32V304h144c17.67 0 32-14.33 32-32v-32c0-17.67-14.33-32-32-32z\"><\/path><\/svg>\t\t\t\t\t\t<\/span>\n\t\t\t\t\t\t\t\t\t\t<span class=\"elementor-icon-list-text\">Hettcube 400 \u0130nk\u00fcbat\u00f6r<\/span>\n\t\t\t\t\t\t\t\t\t<\/li>\n\t\t\t\t\t\t\t\t<li class=\"elementor-icon-list-item\">\n\t\t\t\t\t\t\t\t\t\t\t<span class=\"elementor-icon-list-icon\">\n\t\t\t\t\t\t\t<svg aria-hidden=\"true\" class=\"e-font-icon-svg e-fas-plus\" viewBox=\"0 0 448 512\" xmlns=\"http:\/\/www.w3.org\/2000\/svg\"><path d=\"M416 208H272V64c0-17.67-14.33-32-32-32h-32c-17.67 0-32 14.33-32 32v144H32c-17.67 0-32 14.33-32 32v32c0 17.67 14.33 32 32 32h144v144c0 17.67 14.33 32 32 32h32c17.67 0 32-14.33 32-32V304h144c17.67 0 32-14.33 32-32v-32c0-17.67-14.33-32-32-32z\"><\/path><\/svg>\t\t\t\t\t\t<\/span>\n\t\t\t\t\t\t\t\t\t\t<span class=\"elementor-icon-list-text\">Hettcube 600 \u0130nk\u00fcbat\u00f6r<\/span>\n\t\t\t\t\t\t\t\t\t<\/li>\n\t\t\t\t\t\t<\/ul>\n\t\t\t\t\t\t<\/div>\n\t\t\t\t<\/div>\n\t\t\t\t<div class=\"elementor-element elementor-element-7f047cc elementor-widget elementor-widget-text-editor\" data-id=\"7f047cc\" data-element_type=\"widget\" data-widget_type=\"text-editor.default\">\n\t\t\t\t<div class=\"elementor-widget-container\">\n\t\t\t\t\t\t\t\t\t<p><a title=\"Contact\" href=\"https:\/\/temacons.com\/en\/contact\/\">Please contact us for detailed information.<\/a><\/p>\t\t\t\t\t\t\t\t<\/div>\n\t\t\t\t<\/div>\n\t\t\t\t\t<\/div>\n\t\t<\/div>\n\t\t\t\t\t<\/div>\n\t\t<\/section>\n\t\t\t\t<section class=\"elementor-section elementor-top-section elementor-element elementor-element-08ba8e4 elementor-hidden-desktop elementor-hidden-tablet elementor-hidden-mobile elementor-section-boxed elementor-section-height-default elementor-section-height-default\" data-id=\"08ba8e4\" data-element_type=\"section\">\n\t\t\t\t\t\t<div class=\"elementor-container elementor-column-gap-default\">\n\t\t\t\t\t<div class=\"elementor-column elementor-col-100 elementor-top-column elementor-element elementor-element-921bb5a\" data-id=\"921bb5a\" data-element_type=\"column\">\n\t\t\t<div class=\"elementor-widget-wrap elementor-element-populated\">\n\t\t\t\t\t\t<div class=\"elementor-element elementor-element-b00f865 elementor-widget elementor-widget-heading\" data-id=\"b00f865\" data-element_type=\"widget\" data-widget_type=\"heading.default\">\n\t\t\t\t<div class=\"elementor-widget-container\">\n\t\t\t\t\t<h2 class=\"elementor-heading-title elementor-size-default\">HETTICH EK\u0130PMAN GRUBU<\/h2>\t\t\t\t<\/div>\n\t\t\t\t<\/div>\n\t\t\t\t<section class=\"elementor-section elementor-inner-section elementor-element elementor-element-33a4402 elementor-section-boxed elementor-section-height-default elementor-section-height-default\" data-id=\"33a4402\" data-element_type=\"section\">\n\t\t\t\t\t\t<div class=\"elementor-container elementor-column-gap-default\">\n\t\t\t\t\t<div class=\"elementor-column elementor-col-33 elementor-inner-column elementor-element elementor-element-af52365 elementor-invisible\" data-id=\"af52365\" data-element_type=\"column\" data-settings=\"{&quot;animation&quot;:&quot;fadeInUp&quot;}\">\n\t\t\t<div class=\"elementor-widget-wrap elementor-element-populated\">\n\t\t\t\t\t\t<div class=\"elementor-element elementor-element-22f9677 elementor-widget elementor-widget-image\" data-id=\"22f9677\" data-element_type=\"widget\" data-settings=\"{&quot;_animation&quot;:&quot;none&quot;}\" data-widget_type=\"image.default\">\n\t\t\t\t<div class=\"elementor-widget-container\">\n\t\t\t\t\t\t\t\t\t\t\t\t\t\t\t\t<a href=\"https:\/\/temacons.com\/wp-content\/uploads\/2022\/01\/Temacons-markalar-HETTICH-1.-HETTCUBE-200-INKUBATOR-HETTCUBE-200-INCUBATOR_.jpg\" data-elementor-open-lightbox=\"yes\" data-elementor-lightbox-title=\"HETTICH - HETTCUBE 200 \u0130NK\u00dcBAT\u00d6R\" data-elementor-lightbox-description=\"HETTICH - HETTCUBE 200 \u0130NK\u00dcBAT\u00d6R\" data-e-action-hash=\"#elementor-action%3Aaction%3Dlightbox%26settings%3DeyJpZCI6NDg1NiwidXJsIjoiaHR0cHM6XC9cL3RlbWFjb25zLmNvbVwvd3AtY29udGVudFwvdXBsb2Fkc1wvMjAyMlwvMDFcL1RlbWFjb25zLW1hcmthbGFyLUhFVFRJQ0gtMS4tSEVUVENVQkUtMjAwLUlOS1VCQVRPUi1IRVRUQ1VCRS0yMDAtSU5DVUJBVE9SXy5qcGcifQ%3D%3D\">\n\t\t\t\t\t\t\t<img decoding=\"async\" width=\"800\" height=\"800\" src=\"https:\/\/temacons.com\/wp-content\/uploads\/2022\/01\/Temacons-markalar-HETTICH-1.-HETTCUBE-200-INKUBATOR-HETTCUBE-200-INCUBATOR_.jpg\" class=\"attachment-full size-full wp-image-4856\" alt=\"\" srcset=\"https:\/\/temacons.com\/wp-content\/uploads\/2022\/01\/Temacons-markalar-HETTICH-1.-HETTCUBE-200-INKUBATOR-HETTCUBE-200-INCUBATOR_.jpg 800w, https:\/\/temacons.com\/wp-content\/uploads\/2022\/01\/Temacons-markalar-HETTICH-1.-HETTCUBE-200-INKUBATOR-HETTCUBE-200-INCUBATOR_-300x300.jpg 300w, https:\/\/temacons.com\/wp-content\/uploads\/2022\/01\/Temacons-markalar-HETTICH-1.-HETTCUBE-200-INKUBATOR-HETTCUBE-200-INCUBATOR_-150x150.jpg 150w, https:\/\/temacons.com\/wp-content\/uploads\/2022\/01\/Temacons-markalar-HETTICH-1.-HETTCUBE-200-INKUBATOR-HETTCUBE-200-INCUBATOR_-768x768.jpg 768w\" sizes=\"(max-width: 800px) 100vw, 800px\" \/>\t\t\t\t\t\t\t\t<\/a>\n\t\t\t\t\t\t\t\t\t\t\t\t\t\t\t<\/div>\n\t\t\t\t<\/div>\n\t\t\t\t<div class=\"elementor-element elementor-element-4d596b8 elementor-widget elementor-widget-heading\" data-id=\"4d596b8\" data-element_type=\"widget\" data-widget_type=\"heading.default\">\n\t\t\t\t<div class=\"elementor-widget-container\">\n\t\t\t\t\t<h2 class=\"elementor-heading-title elementor-size-default\">HETTCUBE 200 \u0130NK\u00dcBAT\u00d6R<\/h2>\t\t\t\t<\/div>\n\t\t\t\t<\/div>\n\t\t\t\t\t<\/div>\n\t\t<\/div>\n\t\t\t\t<div class=\"elementor-column elementor-col-33 elementor-inner-column elementor-element elementor-element-096a7ac elementor-invisible\" data-id=\"096a7ac\" data-element_type=\"column\" data-settings=\"{&quot;animation&quot;:&quot;fadeInUp&quot;}\">\n\t\t\t<div class=\"elementor-widget-wrap elementor-element-populated\">\n\t\t\t\t\t\t<div class=\"elementor-element elementor-element-7056d46 elementor-widget elementor-widget-image\" data-id=\"7056d46\" data-element_type=\"widget\" data-settings=\"{&quot;_animation&quot;:&quot;none&quot;}\" data-widget_type=\"image.default\">\n\t\t\t\t<div class=\"elementor-widget-container\">\n\t\t\t\t\t\t\t\t\t\t\t\t\t\t\t\t<a href=\"https:\/\/temacons.com\/wp-content\/uploads\/2022\/01\/Temacons-markalar-HETTICH-2.-HETTCUBE-400-INKUBATOR-HETTCUBE-400-INCUBATOR.jpg\" data-elementor-open-lightbox=\"yes\" data-elementor-lightbox-title=\"HETTICH - HETTCUBE 400 \u0130NK\u00dcBAT\u00d6R\" data-elementor-lightbox-description=\"HETTICH - HETTCUBE 400 \u0130NK\u00dcBAT\u00d6R\" data-e-action-hash=\"#elementor-action%3Aaction%3Dlightbox%26settings%3DeyJpZCI6NDg1NCwidXJsIjoiaHR0cHM6XC9cL3RlbWFjb25zLmNvbVwvd3AtY29udGVudFwvdXBsb2Fkc1wvMjAyMlwvMDFcL1RlbWFjb25zLW1hcmthbGFyLUhFVFRJQ0gtMi4tSEVUVENVQkUtNDAwLUlOS1VCQVRPUi1IRVRUQ1VCRS00MDAtSU5DVUJBVE9SLmpwZyJ9\">\n\t\t\t\t\t\t\t<img decoding=\"async\" width=\"800\" height=\"800\" src=\"https:\/\/temacons.com\/wp-content\/uploads\/2022\/01\/Temacons-markalar-HETTICH-2.-HETTCUBE-400-INKUBATOR-HETTCUBE-400-INCUBATOR.jpg\" class=\"attachment-full size-full wp-image-4854\" alt=\"\" srcset=\"https:\/\/temacons.com\/wp-content\/uploads\/2022\/01\/Temacons-markalar-HETTICH-2.-HETTCUBE-400-INKUBATOR-HETTCUBE-400-INCUBATOR.jpg 800w, https:\/\/temacons.com\/wp-content\/uploads\/2022\/01\/Temacons-markalar-HETTICH-2.-HETTCUBE-400-INKUBATOR-HETTCUBE-400-INCUBATOR-300x300.jpg 300w, https:\/\/temacons.com\/wp-content\/uploads\/2022\/01\/Temacons-markalar-HETTICH-2.-HETTCUBE-400-INKUBATOR-HETTCUBE-400-INCUBATOR-150x150.jpg 150w, https:\/\/temacons.com\/wp-content\/uploads\/2022\/01\/Temacons-markalar-HETTICH-2.-HETTCUBE-400-INKUBATOR-HETTCUBE-400-INCUBATOR-768x768.jpg 768w\" sizes=\"(max-width: 800px) 100vw, 800px\" \/>\t\t\t\t\t\t\t\t<\/a>\n\t\t\t\t\t\t\t\t\t\t\t\t\t\t\t<\/div>\n\t\t\t\t<\/div>\n\t\t\t\t<div class=\"elementor-element elementor-element-aa6267a elementor-widget elementor-widget-heading\" data-id=\"aa6267a\" data-element_type=\"widget\" data-widget_type=\"heading.default\">\n\t\t\t\t<div class=\"elementor-widget-container\">\n\t\t\t\t\t<h2 class=\"elementor-heading-title elementor-size-default\">HETTCUBE 400 \u0130NK\u00dcBAT\u00d6R<\/h2>\t\t\t\t<\/div>\n\t\t\t\t<\/div>\n\t\t\t\t\t<\/div>\n\t\t<\/div>\n\t\t\t\t<div class=\"elementor-column elementor-col-33 elementor-inner-column elementor-element elementor-element-5044ff1 elementor-invisible\" data-id=\"5044ff1\" data-element_type=\"column\" data-settings=\"{&quot;animation&quot;:&quot;fadeInUp&quot;}\">\n\t\t\t<div class=\"elementor-widget-wrap elementor-element-populated\">\n\t\t\t\t\t\t<div class=\"elementor-element elementor-element-43d1837 elementor-widget elementor-widget-image\" data-id=\"43d1837\" data-element_type=\"widget\" data-settings=\"{&quot;_animation&quot;:&quot;none&quot;}\" data-widget_type=\"image.default\">\n\t\t\t\t<div class=\"elementor-widget-container\">\n\t\t\t\t\t\t\t\t\t\t\t\t\t\t\t\t<a href=\"https:\/\/temacons.com\/wp-content\/uploads\/2022\/01\/Temacons-markalar-HETTICH-3.-HETTCUBE-600-INKUBATOR-HETTCUBE-600-INCUBATOR.jpg\" data-elementor-open-lightbox=\"yes\" data-elementor-lightbox-title=\"HETTICH - HETTCUBE 600 \u0130NK\u00dcBAT\u00d6R\" data-elementor-lightbox-description=\"HETTICH - HETTCUBE 600 \u0130NK\u00dcBAT\u00d6R\" data-e-action-hash=\"#elementor-action%3Aaction%3Dlightbox%26settings%3DeyJpZCI6NDg1NSwidXJsIjoiaHR0cHM6XC9cL3RlbWFjb25zLmNvbVwvd3AtY29udGVudFwvdXBsb2Fkc1wvMjAyMlwvMDFcL1RlbWFjb25zLW1hcmthbGFyLUhFVFRJQ0gtMy4tSEVUVENVQkUtNjAwLUlOS1VCQVRPUi1IRVRUQ1VCRS02MDAtSU5DVUJBVE9SLmpwZyJ9\">\n\t\t\t\t\t\t\t<img loading=\"lazy\" decoding=\"async\" width=\"800\" height=\"800\" src=\"https:\/\/temacons.com\/wp-content\/uploads\/2022\/01\/Temacons-markalar-HETTICH-3.-HETTCUBE-600-INKUBATOR-HETTCUBE-600-INCUBATOR.jpg\" class=\"attachment-full size-full wp-image-4855\" alt=\"\" srcset=\"https:\/\/temacons.com\/wp-content\/uploads\/2022\/01\/Temacons-markalar-HETTICH-3.-HETTCUBE-600-INKUBATOR-HETTCUBE-600-INCUBATOR.jpg 800w, https:\/\/temacons.com\/wp-content\/uploads\/2022\/01\/Temacons-markalar-HETTICH-3.-HETTCUBE-600-INKUBATOR-HETTCUBE-600-INCUBATOR-300x300.jpg 300w, https:\/\/temacons.com\/wp-content\/uploads\/2022\/01\/Temacons-markalar-HETTICH-3.-HETTCUBE-600-INKUBATOR-HETTCUBE-600-INCUBATOR-150x150.jpg 150w, https:\/\/temacons.com\/wp-content\/uploads\/2022\/01\/Temacons-markalar-HETTICH-3.-HETTCUBE-600-INKUBATOR-HETTCUBE-600-INCUBATOR-768x768.jpg 768w\" sizes=\"(max-width: 800px) 100vw, 800px\" \/>\t\t\t\t\t\t\t\t<\/a>\n\t\t\t\t\t\t\t\t\t\t\t\t\t\t\t<\/div>\n\t\t\t\t<\/div>\n\t\t\t\t<div class=\"elementor-element elementor-element-c4552da elementor-widget elementor-widget-heading\" data-id=\"c4552da\" data-element_type=\"widget\" data-widget_type=\"heading.default\">\n\t\t\t\t<div class=\"elementor-widget-container\">\n\t\t\t\t\t<h2 class=\"elementor-heading-title elementor-size-default\">HETTCUBE 600 \u0130NK\u00dcBAT\u00d6R<\/h2>\t\t\t\t<\/div>\n\t\t\t\t<\/div>\n\t\t\t\t\t<\/div>\n\t\t<\/div>\n\t\t\t\t\t<\/div>\n\t\t<\/section>\n\t\t\t\t<div class=\"elementor-element elementor-element-d475a97 elementor-widget elementor-widget-text-editor\" data-id=\"d475a97\" data-element_type=\"widget\" data-widget_type=\"text-editor.default\">\n\t\t\t\t<div class=\"elementor-widget-container\">\n\t\t\t\t\t\t\t\t\t<p><a href=\"https:\/\/www.hettichlab.com\" target=\"_blank\" rel=\"noopener\">www.hettichlab.com<\/a><\/p>\n\t\t\t\t\t\t\t\t<\/div>\n\t\t\t\t<\/div>\n\t\t\t\t\t<\/div>\n\t\t<\/div>\n\t\t\t\t\t<\/div>\n\t\t<\/section>\n\t\t\t\t<section class=\"elementor-section elementor-top-section elementor-element elementor-element-65253c7 elementor-section-boxed elementor-section-height-default elementor-section-height-default\" data-id=\"65253c7\" data-element_type=\"section\">\n\t\t\t\t\t\t<div class=\"elementor-container elementor-column-gap-default\">\n\t\t\t\t\t<div class=\"elementor-column elementor-col-50 elementor-top-column elementor-element elementor-element-f005d1e\" data-id=\"f005d1e\" data-element_type=\"column\">\n\t\t\t<div class=\"elementor-widget-wrap elementor-element-populated\">\n\t\t\t\t\t\t<div class=\"elementor-element elementor-element-d89aa89 elementor-cta--layout-image-left elementor-cta--skin-classic elementor-animated-content elementor-bg-transform elementor-bg-transform-zoom-in elementor-widget elementor-widget-call-to-action\" data-id=\"d89aa89\" data-element_type=\"widget\" data-widget_type=\"call-to-action.default\">\n\t\t\t\t<div class=\"elementor-widget-container\">\n\t\t\t\t\t\t\t<div class=\"elementor-cta\">\n\t\t\t\t\t<div class=\"elementor-cta__bg-wrapper\">\n\t\t\t\t<div class=\"elementor-cta__bg elementor-bg\" style=\"background-image: url(https:\/\/temacons.com\/wp-content\/uploads\/2021\/06\/Temacons-Markalar-firma-Netzsch.jpg);\" role=\"img\" aria-label=\"Temacons Markalar firmalar Netzsch\"><\/div>\n\t\t\t\t<div class=\"elementor-cta__bg-overlay\"><\/div>\n\t\t\t<\/div>\n\t\t\t\t\t\t\t<div class=\"elementor-cta__content\">\n\t\t\t\t\n\t\t\t\t\t\t\t\t\t<h2 class=\"elementor-cta__title elementor-cta__content-item elementor-content-item\">\n\t\t\t\t\t\tRecommended Product Group\t\t\t\t\t<\/h2>\n\t\t\t\t\n\t\t\t\t\n\t\t\t\t\t\t\t\t\t<div class=\"elementor-cta__button-wrapper elementor-cta__content-item elementor-content-item \">\n\t\t\t\t\t<a class=\"elementor-cta__button elementor-button elementor-size-\" href=\"https:\/\/temacons.com\/en\/our-partners\/netzsch\/\">\n\t\t\t\t\t\tClick Here\t\t\t\t\t<\/a>\n\t\t\t\t\t<\/div>\n\t\t\t\t\t\t\t<\/div>\n\t\t\t\t\t\t<\/div>\n\t\t\t\t\t\t<\/div>\n\t\t\t\t<\/div>\n\t\t\t\t\t<\/div>\n\t\t<\/div>\n\t\t\t\t<div class=\"elementor-column elementor-col-50 elementor-top-column elementor-element elementor-element-c83496b\" data-id=\"c83496b\" data-element_type=\"column\">\n\t\t\t<div class=\"elementor-widget-wrap elementor-element-populated\">\n\t\t\t\t\t\t<div class=\"elementor-element elementor-element-020569b elementor-cta--layout-image-right elementor-cta--skin-classic elementor-animated-content elementor-bg-transform elementor-bg-transform-zoom-in elementor-widget elementor-widget-call-to-action\" data-id=\"020569b\" data-element_type=\"widget\" data-widget_type=\"call-to-action.default\">\n\t\t\t\t<div class=\"elementor-widget-container\">\n\t\t\t\t\t\t\t<div class=\"elementor-cta\">\n\t\t\t\t\t<div class=\"elementor-cta__bg-wrapper\">\n\t\t\t\t<div class=\"elementor-cta__bg elementor-bg\" style=\"background-image: url(https:\/\/temacons.com\/wp-content\/uploads\/2021\/02\/caleva.png);\" role=\"img\" aria-label=\"caleva\"><\/div>\n\t\t\t\t<div class=\"elementor-cta__bg-overlay\"><\/div>\n\t\t\t<\/div>\n\t\t\t\t\t\t\t<div class=\"elementor-cta__content\">\n\t\t\t\t\n\t\t\t\t\t\t\t\t\t<h2 class=\"elementor-cta__title elementor-cta__content-item elementor-content-item\">\n\t\t\t\t\t\tRecommended Product Group\t\t\t\t\t<\/h2>\n\t\t\t\t\n\t\t\t\t\n\t\t\t\t\t\t\t\t\t<div class=\"elementor-cta__button-wrapper elementor-cta__content-item elementor-content-item \">\n\t\t\t\t\t<a class=\"elementor-cta__button elementor-button elementor-size-\" href=\"https:\/\/temacons.com\/en\/our-partners\/caleva\/\">\n\t\t\t\t\t\tClick Here\t\t\t\t\t<\/a>\n\t\t\t\t\t<\/div>\n\t\t\t\t\t\t\t<\/div>\n\t\t\t\t\t\t<\/div>\n\t\t\t\t\t\t<\/div>\n\t\t\t\t<\/div>\n\t\t\t\t\t<\/div>\n\t\t<\/div>\n\t\t\t\t\t<\/div>\n\t\t<\/section>\n\t\t\t\t<\/div>\n\t\t","protected":false},"excerpt":{"rendered":"<p>https:\/\/www.youtube.com\/watch?v=-xa0mvd3UBs MBL, a brand of Germany-based BSW-Anlagenbau GmbH, specializes in process equipment. Its product portfolio includes systems for blending, weighing, dispensing, sieving, lifting, and conveying. MBL provides handling and mixing solutions for IBCs, drums, and containers across the pharmaceutical, biotechnology, life sciences, and chemical industries. With fixed or mobile lifting systems, modular blending units, and [&hellip;]<\/p>\n","protected":false},"author":2,"featured_media":9376,"parent":772,"menu_order":0,"comment_status":"closed","ping_status":"closed","template":"","meta":{"footnotes":""},"categories":[],"tags":[],"class_list":["post-9372","page","type-page","status-publish","has-post-thumbnail","hentry"],"_links":{"self":[{"href":"https:\/\/temacons.com\/en\/wp-json\/wp\/v2\/pages\/9372","targetHints":{"allow":["GET"]}}],"collection":[{"href":"https:\/\/temacons.com\/en\/wp-json\/wp\/v2\/pages"}],"about":[{"href":"https:\/\/temacons.com\/en\/wp-json\/wp\/v2\/types\/page"}],"author":[{"embeddable":true,"href":"https:\/\/temacons.com\/en\/wp-json\/wp\/v2\/users\/2"}],"replies":[{"embeddable":true,"href":"https:\/\/temacons.com\/en\/wp-json\/wp\/v2\/comments?post=9372"}],"version-history":[{"count":11,"href":"https:\/\/temacons.com\/en\/wp-json\/wp\/v2\/pages\/9372\/revisions"}],"predecessor-version":[{"id":9628,"href":"https:\/\/temacons.com\/en\/wp-json\/wp\/v2\/pages\/9372\/revisions\/9628"}],"up":[{"embeddable":true,"href":"https:\/\/temacons.com\/en\/wp-json\/wp\/v2\/pages\/772"}],"wp:featuredmedia":[{"embeddable":true,"href":"https:\/\/temacons.com\/en\/wp-json\/wp\/v2\/media\/9376"}],"wp:attachment":[{"href":"https:\/\/temacons.com\/en\/wp-json\/wp\/v2\/media?parent=9372"}],"wp:term":[{"taxonomy":"category","embeddable":true,"href":"https:\/\/temacons.com\/en\/wp-json\/wp\/v2\/categories?post=9372"},{"taxonomy":"post_tag","embeddable":true,"href":"https:\/\/temacons.com\/en\/wp-json\/wp\/v2\/tags?post=9372"}],"curies":[{"name":"wp","href":"https:\/\/api.w.org\/{rel}","templated":true}]}}